{"id":4745,"date":"2022-03-31T10:48:15","date_gmt":"2022-03-31T08:48:15","guid":{"rendered":"https:\/\/www.inies.fr\/programs-and-services\/"},"modified":"2022-03-31T10:48:15","modified_gmt":"2022-03-31T08:48:15","slug":"programs-and-services","status":"publish","type":"page","link":"https:\/\/inies-dev.armstrong.space\/en\/programs-and-services\/","title":{"rendered":"Programs and services"},"content":{"rendered":"\t\t<div data-elementor-type=\"wp-page\" data-elementor-id=\"4745\" class=\"elementor elementor-4745 elementor-1979\" data-elementor-post-type=\"page\">\n\t\t\t\t\t\t<section class=\"elementor-section elementor-top-section elementor-element elementor-element-7fd522c3 elementor-section-boxed elementor-section-height-default elementor-section-height-default\" data-id=\"7fd522c3\" data-element_type=\"section\" data-e-type=\"section\" data-settings=\"{&quot;background_background&quot;:&quot;classic&quot;}\">\n\t\t\t\t\t\t\t<div class=\"elementor-background-overlay\"><\/div>\n\t\t\t\t\t\t\t<div class=\"elementor-container elementor-column-gap-default\">\n\t\t\t\t\t<div class=\"elementor-column elementor-col-100 elementor-top-column elementor-element elementor-element-3d9ac0b7\" data-id=\"3d9ac0b7\" data-element_type=\"column\" data-e-type=\"column\">\n\t\t\t<div class=\"elementor-widget-wrap elementor-element-populated\">\n\t\t\t\t\t\t\t<\/div>\n\t\t<\/div>\n\t\t\t\t\t<\/div>\n\t\t<\/section>\n\t\t\t\t<section class=\"elementor-section elementor-top-section elementor-element elementor-element-477f673a elementor-section-boxed elementor-section-height-default elementor-section-height-default\" data-id=\"477f673a\" data-element_type=\"section\" data-e-type=\"section\">\n\t\t\t\t\t\t<div class=\"elementor-container elementor-column-gap-default\">\n\t\t\t\t\t<div class=\"elementor-column elementor-col-100 elementor-top-column elementor-element elementor-element-2c2ba949\" data-id=\"2c2ba949\" data-element_type=\"column\" data-e-type=\"column\">\n\t\t\t<div class=\"elementor-widget-wrap elementor-element-populated\">\n\t\t\t\t\t\t<div class=\"elementor-element elementor-element-62f87836 elementor-widget elementor-widget-breadcrumbs\" data-id=\"62f87836\" data-element_type=\"widget\" data-e-type=\"widget\" data-widget_type=\"breadcrumbs.default\">\n\t\t\t\t<div class=\"elementor-widget-container\">\n\t\t\t\t\t<p id=\"breadcrumbs\"><span><span><a href=\"https:\/\/inies-dev.armstrong.space\/en\/\">Home<\/a><\/span><\/span><\/p>\t\t\t\t<\/div>\n\t\t\t\t<\/div>\n\t\t\t\t\t<\/div>\n\t\t<\/div>\n\t\t\t\t\t<\/div>\n\t\t<\/section>\n\t\t\t\t<section class=\"elementor-section elementor-top-section elementor-element elementor-element-73b2b145 elementor-section-boxed elementor-section-height-default elementor-section-height-default\" data-id=\"73b2b145\" data-element_type=\"section\" data-e-type=\"section\">\n\t\t\t\t\t\t<div class=\"elementor-container elementor-column-gap-wider\">\n\t\t\t\t\t<div class=\"elementor-column elementor-col-100 elementor-top-column elementor-element elementor-element-3c9e3ad4\" data-id=\"3c9e3ad4\" data-element_type=\"column\" data-e-type=\"column\">\n\t\t\t<div class=\"elementor-widget-wrap elementor-element-populated\">\n\t\t\t\t\t\t<div class=\"elementor-element elementor-element-3ea42c5 elementor-widget elementor-widget-shortcode\" data-id=\"3ea42c5\" data-element_type=\"widget\" data-e-type=\"widget\" data-widget_type=\"shortcode.default\">\n\t\t\t\t<div class=\"elementor-widget-container\">\n\t\t\t\t\t\t\t<div class=\"elementor-shortcode\">    <div>\r\n                    <article class=\"childpages col post-4615\">\r\n                <div class=\"childpages-contenu d-flex justify-content-between align-items-center\">\r\n                    <a href=\"https:\/\/inies-dev.armstrong.space\/en\/programs-and-services\/the-inies-verification-programme\/\">\r\n                        <h3 class=\"texte-inies-dark-blue\">The INIES verification programme<\/h3>\r\n                    <\/a>\r\n                    <div class=\"\">\r\n                        <a href=\"https:\/\/inies-dev.armstrong.space\/en\/programs-and-services\/the-inies-verification-programme\/\" class=\"mx-5\">Acc\u00e9der<\/a>\r\n                    <\/div>\r\n                <\/div>\r\n            <\/article>\r\n                    <article class=\"childpages col post-4603\">\r\n                <div class=\"childpages-contenu d-flex justify-content-between align-items-center\">\r\n                    <a href=\"https:\/\/inies-dev.armstrong.space\/en\/programs-and-services\/the-pep-ecopassport-verification-programme\/\">\r\n                        <h3 class=\"texte-inies-dark-blue\">The PEP ecopassport\u00ae verification programme<\/h3>\r\n                    <\/a>\r\n                    <div class=\"\">\r\n                        <a href=\"https:\/\/inies-dev.armstrong.space\/en\/programs-and-services\/the-pep-ecopassport-verification-programme\/\" class=\"mx-5\">Acc\u00e9der<\/a>\r\n                    <\/div>\r\n                <\/div>\r\n            <\/article>\r\n            <\/div>\r\n<\/div>\n\t\t\t\t\t\t<\/div>\n\t\t\t\t<\/div>\n\t\t\t\t\t<\/div>\n\t\t<\/div>\n\t\t\t\t\t<\/div>\n\t\t<\/section>\n\t\t\t\t<\/div>\n\t\t","protected":false},"excerpt":{"rendered":"","protected":false},"author":1,"featured_media":3086,"parent":0,"menu_order":0,"comment_status":"closed","ping_status":"closed","template":"","meta":{"_acf_changed":false,"footnotes":""},"class_list":["post-4745","page","type-page","status-publish","has-post-thumbnail","hentry"],"acf":[],"yoast_head":"<!-- This site is optimized with the Yoast SEO plugin v26.9 - https:\/\/yoast.com\/product\/yoast-seo-wordpress\/ -->\n<title>Programs and services - Inies<\/title>\n<meta name=\"description\" content=\"Inies provides access to two verification programs and a digitised data webservice\" \/>\n<meta name=\"robots\" content=\"noindex, follow, max-snippet:-1, max-image-preview:large, max-video-preview:-1\" \/>\n<meta property=\"og:locale\" content=\"en_US\" \/>\n<meta property=\"og:type\" content=\"article\" \/>\n<meta property=\"og:title\" content=\"Programs and services - Inies\" \/>\n<meta property=\"og:description\" content=\"Inies provides access to two verification programs and a digitised data webservice\" \/>\n<meta property=\"og:url\" content=\"https:\/\/inies-dev.armstrong.space\/en\/programs-and-services\/\" \/>\n<meta property=\"og:site_name\" content=\"Inies\" \/>\n<meta property=\"og:image\" content=\"https:\/\/www.inies.fr\/wp-content\/uploads\/2021\/10\/Programme-de-verification.jpg\" \/>\n\t<meta property=\"og:image:width\" content=\"2000\" \/>\n\t<meta property=\"og:image:height\" content=\"1335\" \/>\n\t<meta property=\"og:image:type\" content=\"image\/jpeg\" \/>\n<meta name=\"twitter:card\" content=\"summary_large_image\" \/>\n<script type=\"application\/ld+json\" class=\"yoast-schema-graph\">{\"@context\":\"https:\/\/schema.org\",\"@graph\":[{\"@type\":\"WebPage\",\"@id\":\"https:\/\/inies-dev.armstrong.space\/en\/programs-and-services\/\",\"url\":\"https:\/\/inies-dev.armstrong.space\/en\/programs-and-services\/\",\"name\":\"Programs and services - Inies\",\"isPartOf\":{\"@id\":\"https:\/\/www.inies.fr\/#website\"},\"primaryImageOfPage\":{\"@id\":\"https:\/\/inies-dev.armstrong.space\/en\/programs-and-services\/#primaryimage\"},\"image\":{\"@id\":\"https:\/\/inies-dev.armstrong.space\/en\/programs-and-services\/#primaryimage\"},\"thumbnailUrl\":\"https:\/\/inies-dev.armstrong.space\/wp-content\/uploads\/2021\/10\/Programme-de-verification.jpg\",\"datePublished\":\"2022-03-31T08:48:15+00:00\",\"description\":\"Inies provides access to two verification programs and a digitised data webservice\",\"breadcrumb\":{\"@id\":\"https:\/\/inies-dev.armstrong.space\/en\/programs-and-services\/#breadcrumb\"},\"inLanguage\":\"en-US\",\"potentialAction\":[{\"@type\":\"ReadAction\",\"target\":[\"https:\/\/inies-dev.armstrong.space\/en\/programs-and-services\/\"]}]},{\"@type\":\"ImageObject\",\"inLanguage\":\"en-US\",\"@id\":\"https:\/\/inies-dev.armstrong.space\/en\/programs-and-services\/#primaryimage\",\"url\":\"https:\/\/inies-dev.armstrong.space\/wp-content\/uploads\/2021\/10\/Programme-de-verification.jpg\",\"contentUrl\":\"https:\/\/inies-dev.armstrong.space\/wp-content\/uploads\/2021\/10\/Programme-de-verification.jpg\",\"width\":2000,\"height\":1335,\"caption\":\"Verification programme\"},{\"@type\":\"BreadcrumbList\",\"@id\":\"https:\/\/inies-dev.armstrong.space\/en\/programs-and-services\/#breadcrumb\",\"itemListElement\":[{\"@type\":\"ListItem\",\"position\":1,\"name\":\"Home\",\"item\":\"https:\/\/inies-dev.armstrong.space\/en\/\"},{\"@type\":\"ListItem\",\"position\":2,\"name\":\"Programs and services\"}]},{\"@type\":\"WebSite\",\"@id\":\"https:\/\/www.inies.fr\/#website\",\"url\":\"https:\/\/www.inies.fr\/\",\"name\":\"Inies\",\"description\":\"les donn\u00e9es environnementales et sanitaires de r\u00e9f\u00e9rence pour le b\u00e2timent et la RE2020\",\"publisher\":{\"@id\":\"https:\/\/www.inies.fr\/#organization\"},\"potentialAction\":[{\"@type\":\"SearchAction\",\"target\":{\"@type\":\"EntryPoint\",\"urlTemplate\":\"https:\/\/www.inies.fr\/?s={search_term_string}\"},\"query-input\":{\"@type\":\"PropertyValueSpecification\",\"valueRequired\":true,\"valueName\":\"search_term_string\"}}],\"inLanguage\":\"en-US\"},{\"@type\":\"Organization\",\"@id\":\"https:\/\/www.inies.fr\/#organization\",\"name\":\"Inies\",\"url\":\"https:\/\/www.inies.fr\/\",\"logo\":{\"@type\":\"ImageObject\",\"inLanguage\":\"en-US\",\"@id\":\"https:\/\/www.inies.fr\/#\/schema\/logo\/image\/\",\"url\":\"https:\/\/inies-dev.armstrong.space\/wp-content\/uploads\/2021\/05\/inies-logo.png\",\"contentUrl\":\"https:\/\/inies-dev.armstrong.space\/wp-content\/uploads\/2021\/05\/inies-logo.png\",\"width\":159,\"height\":83,\"caption\":\"Inies\"},\"image\":{\"@id\":\"https:\/\/www.inies.fr\/#\/schema\/logo\/image\/\"}}]}<\/script>\n<!-- \/ Yoast SEO plugin. -->","yoast_head_json":{"title":"Programs and services - Inies","description":"Inies provides access to two verification programs and a digitised data webservice","robots":{"index":"noindex","follow":"follow","max-snippet":"max-snippet:-1","max-image-preview":"max-image-preview:large","max-video-preview":"max-video-preview:-1"},"og_locale":"en_US","og_type":"article","og_title":"Programs and services - Inies","og_description":"Inies provides access to two verification programs and a digitised data webservice","og_url":"https:\/\/inies-dev.armstrong.space\/en\/programs-and-services\/","og_site_name":"Inies","og_image":[{"width":2000,"height":1335,"url":"https:\/\/www.inies.fr\/wp-content\/uploads\/2021\/10\/Programme-de-verification.jpg","type":"image\/jpeg"}],"twitter_card":"summary_large_image","schema":{"@context":"https:\/\/schema.org","@graph":[{"@type":"WebPage","@id":"https:\/\/inies-dev.armstrong.space\/en\/programs-and-services\/","url":"https:\/\/inies-dev.armstrong.space\/en\/programs-and-services\/","name":"Programs and services - Inies","isPartOf":{"@id":"https:\/\/www.inies.fr\/#website"},"primaryImageOfPage":{"@id":"https:\/\/inies-dev.armstrong.space\/en\/programs-and-services\/#primaryimage"},"image":{"@id":"https:\/\/inies-dev.armstrong.space\/en\/programs-and-services\/#primaryimage"},"thumbnailUrl":"https:\/\/inies-dev.armstrong.space\/wp-content\/uploads\/2021\/10\/Programme-de-verification.jpg","datePublished":"2022-03-31T08:48:15+00:00","description":"Inies provides access to two verification programs and a digitised data webservice","breadcrumb":{"@id":"https:\/\/inies-dev.armstrong.space\/en\/programs-and-services\/#breadcrumb"},"inLanguage":"en-US","potentialAction":[{"@type":"ReadAction","target":["https:\/\/inies-dev.armstrong.space\/en\/programs-and-services\/"]}]},{"@type":"ImageObject","inLanguage":"en-US","@id":"https:\/\/inies-dev.armstrong.space\/en\/programs-and-services\/#primaryimage","url":"https:\/\/inies-dev.armstrong.space\/wp-content\/uploads\/2021\/10\/Programme-de-verification.jpg","contentUrl":"https:\/\/inies-dev.armstrong.space\/wp-content\/uploads\/2021\/10\/Programme-de-verification.jpg","width":2000,"height":1335,"caption":"Verification programme"},{"@type":"BreadcrumbList","@id":"https:\/\/inies-dev.armstrong.space\/en\/programs-and-services\/#breadcrumb","itemListElement":[{"@type":"ListItem","position":1,"name":"Home","item":"https:\/\/inies-dev.armstrong.space\/en\/"},{"@type":"ListItem","position":2,"name":"Programs and services"}]},{"@type":"WebSite","@id":"https:\/\/www.inies.fr\/#website","url":"https:\/\/www.inies.fr\/","name":"Inies","description":"les donn\u00e9es environnementales et sanitaires de r\u00e9f\u00e9rence pour le b\u00e2timent et la RE2020","publisher":{"@id":"https:\/\/www.inies.fr\/#organization"},"potentialAction":[{"@type":"SearchAction","target":{"@type":"EntryPoint","urlTemplate":"https:\/\/www.inies.fr\/?s={search_term_string}"},"query-input":{"@type":"PropertyValueSpecification","valueRequired":true,"valueName":"search_term_string"}}],"inLanguage":"en-US"},{"@type":"Organization","@id":"https:\/\/www.inies.fr\/#organization","name":"Inies","url":"https:\/\/www.inies.fr\/","logo":{"@type":"ImageObject","inLanguage":"en-US","@id":"https:\/\/www.inies.fr\/#\/schema\/logo\/image\/","url":"https:\/\/inies-dev.armstrong.space\/wp-content\/uploads\/2021\/05\/inies-logo.png","contentUrl":"https:\/\/inies-dev.armstrong.space\/wp-content\/uploads\/2021\/05\/inies-logo.png","width":159,"height":83,"caption":"Inies"},"image":{"@id":"https:\/\/www.inies.fr\/#\/schema\/logo\/image\/"}}]}},"_links":{"self":[{"href":"https:\/\/inies-dev.armstrong.space\/en\/wp-json\/wp\/v2\/pages\/4745","targetHints":{"allow":["GET"]}}],"collection":[{"href":"https:\/\/inies-dev.armstrong.space\/en\/wp-json\/wp\/v2\/pages"}],"about":[{"href":"https:\/\/inies-dev.armstrong.space\/en\/wp-json\/wp\/v2\/types\/page"}],"author":[{"embeddable":true,"href":"https:\/\/inies-dev.armstrong.space\/en\/wp-json\/wp\/v2\/users\/1"}],"replies":[{"embeddable":true,"href":"https:\/\/inies-dev.armstrong.space\/en\/wp-json\/wp\/v2\/comments?post=4745"}],"version-history":[{"count":1,"href":"https:\/\/inies-dev.armstrong.space\/en\/wp-json\/wp\/v2\/pages\/4745\/revisions"}],"predecessor-version":[{"id":4746,"href":"https:\/\/inies-dev.armstrong.space\/en\/wp-json\/wp\/v2\/pages\/4745\/revisions\/4746"}],"wp:featuredmedia":[{"embeddable":true,"href":"https:\/\/inies-dev.armstrong.space\/en\/wp-json\/wp\/v2\/media\/3086"}],"wp:attachment":[{"href":"https:\/\/inies-dev.armstrong.space\/en\/wp-json\/wp\/v2\/media?parent=4745"}],"curies":[{"name":"wp","href":"https:\/\/api.w.org\/{rel}","templated":true}]}}