{"id":4620,"date":"2022-03-29T12:27:51","date_gmt":"2022-03-29T10:27:51","guid":{"rendered":"https:\/\/www.inies.fr\/the-digitised-data-webservice\/"},"modified":"2023-03-02T10:39:49","modified_gmt":"2023-03-02T09:39:49","slug":"the-digitised-data-webservice","status":"publish","type":"page","link":"https:\/\/inies-dev.armstrong.space\/en\/the-digitised-data-webservice\/","title":{"rendered":"The digitised data webservice"},"content":{"rendered":"\t\t<div data-elementor-type=\"wp-page\" data-elementor-id=\"4620\" class=\"elementor elementor-4620 elementor-1325\" data-elementor-post-type=\"page\">\n\t\t\t\t\t\t<section class=\"elementor-section elementor-top-section elementor-element elementor-element-7fd522c3 elementor-section-boxed elementor-section-height-default elementor-section-height-default\" data-id=\"7fd522c3\" data-element_type=\"section\" data-e-type=\"section\" data-settings=\"{&quot;background_background&quot;:&quot;classic&quot;}\">\n\t\t\t\t\t\t\t<div class=\"elementor-background-overlay\"><\/div>\n\t\t\t\t\t\t\t<div class=\"elementor-container elementor-column-gap-default\">\n\t\t\t\t\t<div class=\"elementor-column elementor-col-100 elementor-top-column elementor-element elementor-element-3d9ac0b7\" data-id=\"3d9ac0b7\" data-element_type=\"column\" data-e-type=\"column\">\n\t\t\t<div class=\"elementor-widget-wrap elementor-element-populated\">\n\t\t\t\t\t\t<div class=\"elementor-element elementor-element-2d3773c6 elementor-widget elementor-widget-text-editor\" data-id=\"2d3773c6\" data-element_type=\"widget\" data-e-type=\"widget\" data-widget_type=\"text-editor.default\">\n\t\t\t\t<div class=\"elementor-widget-container\">\n\t\t\t\t\t\t\t\t\tThe webservice allows supplying environmental building performance assessment software with digitised data from the INIES database.\t\t\t\t\t\t\t\t<\/div>\n\t\t\t\t<\/div>\n\t\t\t\t\t<\/div>\n\t\t<\/div>\n\t\t\t\t\t<\/div>\n\t\t<\/section>\n\t\t\t\t<section class=\"elementor-section elementor-top-section elementor-element elementor-element-477f673a elementor-section-boxed elementor-section-height-default elementor-section-height-default\" data-id=\"477f673a\" data-element_type=\"section\" data-e-type=\"section\">\n\t\t\t\t\t\t<div class=\"elementor-container elementor-column-gap-default\">\n\t\t\t\t\t<div class=\"elementor-column elementor-col-100 elementor-top-column elementor-element elementor-element-2c2ba949\" data-id=\"2c2ba949\" data-element_type=\"column\" data-e-type=\"column\">\n\t\t\t<div class=\"elementor-widget-wrap elementor-element-populated\">\n\t\t\t\t\t\t<div class=\"elementor-element elementor-element-62f87836 elementor-widget elementor-widget-breadcrumbs\" data-id=\"62f87836\" data-element_type=\"widget\" data-e-type=\"widget\" data-widget_type=\"breadcrumbs.default\">\n\t\t\t\t<div class=\"elementor-widget-container\">\n\t\t\t\t\t<p id=\"breadcrumbs\"><span><span><a href=\"https:\/\/inies-dev.armstrong.space\/en\/\">Home<\/a><\/span><\/span><\/p>\t\t\t\t<\/div>\n\t\t\t\t<\/div>\n\t\t\t\t\t<\/div>\n\t\t<\/div>\n\t\t\t\t\t<\/div>\n\t\t<\/section>\n\t\t\t\t<section class=\"elementor-section elementor-top-section elementor-element elementor-element-73b2b145 elementor-section-boxed elementor-section-height-default elementor-section-height-default\" data-id=\"73b2b145\" data-element_type=\"section\" data-e-type=\"section\">\n\t\t\t\t\t\t<div class=\"elementor-container elementor-column-gap-wider\">\n\t\t\t\t\t<div class=\"elementor-column elementor-col-100 elementor-top-column elementor-element elementor-element-3c9e3ad4\" data-id=\"3c9e3ad4\" data-element_type=\"column\" data-e-type=\"column\">\n\t\t\t<div class=\"elementor-widget-wrap elementor-element-populated\">\n\t\t\t\t\t\t<section class=\"elementor-section elementor-inner-section elementor-element elementor-element-2034beaa elementor-section-boxed elementor-section-height-default elementor-section-height-default\" data-id=\"2034beaa\" data-element_type=\"section\" data-e-type=\"section\">\n\t\t\t\t\t\t<div class=\"elementor-container elementor-column-gap-default\">\n\t\t\t\t\t<div class=\"elementor-column elementor-col-100 elementor-inner-column elementor-element elementor-element-4728635b\" data-id=\"4728635b\" data-element_type=\"column\" data-e-type=\"column\">\n\t\t\t<div class=\"elementor-widget-wrap elementor-element-populated\">\n\t\t\t\t\t\t<div class=\"elementor-element elementor-element-31cc50f elementor-widget elementor-widget-text-editor\" data-id=\"31cc50f\" data-element_type=\"widget\" data-e-type=\"widget\" data-widget_type=\"text-editor.default\">\n\t\t\t\t<div class=\"elementor-widget-container\">\n\t\t\t\t\t\t\t\t\t<p>Set up in 2013, this INIES application offers the possibility for eco-design and environmental performance assessment tools of building works to access all INIES data in digital format:<\/p><ul><li>General declaration information<\/li><li>Functional unit and components<\/li><li>Environmental indicators<\/li><li>Sanitary component (health and comfort)<\/li><li>Declaration in pdf format<\/li><\/ul>\t\t\t\t\t\t\t\t<\/div>\n\t\t\t\t<\/div>\n\t\t\t\t<div class=\"elementor-element elementor-element-6dcbc1c elementor-widget elementor-widget-image\" data-id=\"6dcbc1c\" data-element_type=\"widget\" data-e-type=\"widget\" data-widget_type=\"image.default\">\n\t\t\t\t<div class=\"elementor-widget-container\">\n\t\t\t\t\t\t\t\t\t\t\t\t\t\t\t<img fetchpriority=\"high\" decoding=\"async\" width=\"1226\" height=\"816\" src=\"https:\/\/inies-dev.armstrong.space\/wp-content\/uploads\/2021\/09\/image-1.png\" class=\"attachment-full size-full wp-image-2920\" alt=\"Webservice diagram\" srcset=\"https:\/\/inies-dev.armstrong.space\/wp-content\/uploads\/2021\/09\/image-1.png 1226w, https:\/\/inies-dev.armstrong.space\/wp-content\/uploads\/2021\/09\/image-1-300x200.png 300w, https:\/\/inies-dev.armstrong.space\/wp-content\/uploads\/2021\/09\/image-1-1024x682.png 1024w, https:\/\/inies-dev.armstrong.space\/wp-content\/uploads\/2021\/09\/image-1-768x511.png 768w\" sizes=\"(max-width: 1226px) 100vw, 1226px\" \/>\t\t\t\t\t\t\t\t\t\t\t\t\t\t\t<\/div>\n\t\t\t\t<\/div>\n\t\t\t\t\t<\/div>\n\t\t<\/div>\n\t\t\t\t\t<\/div>\n\t\t<\/section>\n\t\t\t\t<section class=\"elementor-section elementor-inner-section elementor-element elementor-element-835744e grid-faq-page elementor-section-boxed elementor-section-height-default elementor-section-height-default\" data-id=\"835744e\" data-element_type=\"section\" data-e-type=\"section\">\n\t\t\t\t\t\t<div class=\"elementor-container elementor-column-gap-default\">\n\t\t\t\t\t<div class=\"elementor-column elementor-col-50 elementor-inner-column elementor-element elementor-element-a09d12a\" data-id=\"a09d12a\" data-element_type=\"column\" data-e-type=\"column\">\n\t\t\t<div class=\"elementor-widget-wrap elementor-element-populated\">\n\t\t\t\t\t\t<div class=\"elementor-element elementor-element-599760f elementor-cta--layout-image-above elementor-cta--valign-middle rappel-faq-page elementor-cta--skin-classic elementor-animated-content elementor-bg-transform elementor-bg-transform-zoom-in elementor-widget elementor-widget-call-to-action\" data-id=\"599760f\" data-element_type=\"widget\" data-e-type=\"widget\" data-widget_type=\"call-to-action.default\">\n\t\t\t\t<div class=\"elementor-widget-container\">\n\t\t\t\t\t\t\t<a class=\"elementor-cta\" href=\"https:\/\/www.inies-dev.armstrong.space\/ressources-documentaires\/foire-aux-questions\/#question-1047\" target=\"_blank\">\n\t\t\t\t\t\t\t<div class=\"elementor-cta__content\">\n\t\t\t\t\t\t\t\t\t<div class=\"elementor-content-item elementor-cta__content-item elementor-cta__image\">\n\t\t\t\t\t\t<img decoding=\"async\" width=\"77\" height=\"77\" src=\"https:\/\/inies-dev.armstrong.space\/wp-content\/uploads\/2021\/09\/picto-faq.png\" class=\"attachment-thumbnail size-thumbnail wp-image-2588\" alt=\"picto FAQ\" \/>\t\t\t\t\t<\/div>\n\t\t\t\t\n\t\t\t\t\t\t\t\t\t<h3 class=\"elementor-cta__title elementor-cta__content-item elementor-content-item\">\n\t\t\t\t\t\tWhat is the INIES webservice for?\t\t\t\t\t<\/h3>\n\t\t\t\t\n\t\t\t\t\t\t\t\t\t<div class=\"elementor-cta__description elementor-cta__content-item elementor-content-item\">\n\t\t\t\t\t\tThe webservice allows building LCA software to be fed with digitised data...\t\t\t\t\t<\/div>\n\t\t\t\t\n\t\t\t\t\t\t\t\t\t<div class=\"elementor-cta__button-wrapper elementor-cta__content-item elementor-content-item \">\n\t\t\t\t\t<span class=\"elementor-cta__button elementor-button elementor-size-xs\">\n\t\t\t\t\t\tRead full answer\t\t\t\t\t<\/span>\n\t\t\t\t\t<\/div>\n\t\t\t\t\t\t\t<\/div>\n\t\t\t\t\t\t\t<div class=\"elementor-ribbon elementor-ribbon-left\">\n\t\t\t\t<div class=\"elementor-ribbon-inner\">\n\t\t\t\t\tFAQ\t\t\t\t<\/div>\n\t\t\t<\/div>\n\t\t\t\t<\/a>\n\t\t\t\t\t\t<\/div>\n\t\t\t\t<\/div>\n\t\t\t\t\t<\/div>\n\t\t<\/div>\n\t\t\t\t<div class=\"elementor-column elementor-col-50 elementor-inner-column elementor-element elementor-element-e164ee3\" data-id=\"e164ee3\" data-element_type=\"column\" data-e-type=\"column\">\n\t\t\t<div class=\"elementor-widget-wrap elementor-element-populated\">\n\t\t\t\t\t\t<div class=\"elementor-element elementor-element-64c669b elementor-cta--layout-image-above elementor-cta--valign-middle rappel-faq-page elementor-cta--skin-classic elementor-animated-content elementor-bg-transform elementor-bg-transform-zoom-in elementor-widget elementor-widget-call-to-action\" data-id=\"64c669b\" data-element_type=\"widget\" data-e-type=\"widget\" data-widget_type=\"call-to-action.default\">\n\t\t\t\t<div class=\"elementor-widget-container\">\n\t\t\t\t\t\t\t<a class=\"elementor-cta\" href=\"https:\/\/www.inies-dev.armstrong.space\/ressources-documentaires\/foire-aux-questions\/#question-1031\" target=\"_blank\">\n\t\t\t\t\t\t\t<div class=\"elementor-cta__content\">\n\t\t\t\t\t\t\t\t\t<div class=\"elementor-content-item elementor-cta__content-item elementor-cta__image\">\n\t\t\t\t\t\t<img decoding=\"async\" width=\"77\" height=\"77\" src=\"https:\/\/inies-dev.armstrong.space\/wp-content\/uploads\/2021\/09\/picto-faq.png\" class=\"attachment-thumbnail size-thumbnail wp-image-2588\" alt=\"picto FAQ\" \/>\t\t\t\t\t<\/div>\n\t\t\t\t\n\t\t\t\t\t\t\t\t\t<h3 class=\"elementor-cta__title elementor-cta__content-item elementor-content-item\">\n\t\t\t\t\t\tAre there tools for using FDES and PEP?\t\t\t\t\t<\/h3>\n\t\t\t\t\n\t\t\t\t\t\t\t\t\t<div class=\"elementor-cta__description elementor-cta__content-item elementor-content-item\">\n\t\t\t\t\t\tThere are now many tools for using FDES and PEP...\t\t\t\t\t<\/div>\n\t\t\t\t\n\t\t\t\t\t\t\t\t\t<div class=\"elementor-cta__button-wrapper elementor-cta__content-item elementor-content-item \">\n\t\t\t\t\t<span class=\"elementor-cta__button elementor-button elementor-size-xs\">\n\t\t\t\t\t\tRead full answer\t\t\t\t\t<\/span>\n\t\t\t\t\t<\/div>\n\t\t\t\t\t\t\t<\/div>\n\t\t\t\t\t\t\t<div class=\"elementor-ribbon elementor-ribbon-left\">\n\t\t\t\t<div class=\"elementor-ribbon-inner\">\n\t\t\t\t\tFAQ\t\t\t\t<\/div>\n\t\t\t<\/div>\n\t\t\t\t<\/a>\n\t\t\t\t\t\t<\/div>\n\t\t\t\t<\/div>\n\t\t\t\t\t<\/div>\n\t\t<\/div>\n\t\t\t\t\t<\/div>\n\t\t<\/section>\n\t\t\t\t\t<\/div>\n\t\t<\/div>\n\t\t\t\t\t<\/div>\n\t\t<\/section>\n\t\t\t\t<section class=\"elementor-section elementor-top-section elementor-element elementor-element-177c6f5f elementor-section-boxed elementor-section-height-default elementor-section-height-default\" data-id=\"177c6f5f\" data-element_type=\"section\" data-e-type=\"section\">\n\t\t\t\t\t\t<div class=\"elementor-container elementor-column-gap-default\">\n\t\t\t\t\t<div class=\"elementor-column elementor-col-100 elementor-top-column elementor-element elementor-element-75835ab8\" data-id=\"75835ab8\" data-element_type=\"column\" data-e-type=\"column\">\n\t\t\t<div class=\"elementor-widget-wrap elementor-element-populated\">\n\t\t\t\t\t\t<div class=\"elementor-element elementor-element-3534dd3e elementor-widget elementor-widget-heading\" data-id=\"3534dd3e\" data-element_type=\"widget\" data-e-type=\"widget\" data-widget_type=\"heading.default\">\n\t\t\t\t<div class=\"elementor-widget-container\">\n\t\t\t\t\t<h2 class=\"elementor-heading-title elementor-size-default\">Related documents<\/h2>\t\t\t\t<\/div>\n\t\t\t\t<\/div>\n\t\t\t\t<div class=\"elementor-element elementor-element-746e21a9 elementor-widget elementor-widget-heading\" data-id=\"746e21a9\" data-element_type=\"widget\" data-e-type=\"widget\" data-widget_type=\"heading.default\">\n\t\t\t\t<div class=\"elementor-widget-container\">\n\t\t\t\t\t<p class=\"elementor-heading-title elementor-size-default\"><a href=\"https:\/\/www.inies-dev.armstrong.space\/ressources-documentaires\/\">See more documents<\/a><\/p>\t\t\t\t<\/div>\n\t\t\t\t<\/div>\n\t\t\t\t\t<\/div>\n\t\t<\/div>\n\t\t\t\t\t<\/div>\n\t\t<\/section>\n\t\t\t\t<\/div>\n\t\t","protected":false},"excerpt":{"rendered":"<p>The webservice allows supplying environmental building performance assessment software with digitised data from the INIES [&hellip;]<\/p>\n","protected":false},"author":1,"featured_media":3094,"parent":0,"menu_order":0,"comment_status":"closed","ping_status":"closed","template":"","meta":{"_acf_changed":false,"footnotes":""},"class_list":["post-4620","page","type-page","status-publish","has-post-thumbnail","hentry"],"acf":[],"yoast_head":"<!-- This site is optimized with the Yoast SEO plugin v26.9 - https:\/\/yoast.com\/product\/yoast-seo-wordpress\/ -->\n<title>The digitised data webservice - Inies<\/title>\n<meta name=\"description\" content=\"The webservice allows supplying environmental building performance assessment software with digitised data from the INIES database.\" \/>\n<meta name=\"robots\" content=\"noindex, follow, max-snippet:-1, max-image-preview:large, max-video-preview:-1\" \/>\n<meta property=\"og:locale\" content=\"en_US\" \/>\n<meta property=\"og:type\" content=\"article\" \/>\n<meta property=\"og:title\" content=\"The digitised data webservice - Inies\" \/>\n<meta property=\"og:description\" content=\"The webservice allows supplying environmental building performance assessment software with digitised data from the INIES database.\" \/>\n<meta property=\"og:url\" content=\"https:\/\/inies-dev.armstrong.space\/en\/the-digitised-data-webservice\/\" \/>\n<meta property=\"og:site_name\" content=\"Inies\" \/>\n<meta property=\"article:modified_time\" content=\"2023-03-02T09:39:49+00:00\" \/>\n<meta property=\"og:image\" content=\"https:\/\/www.inies.fr\/wp-content\/uploads\/2021\/10\/Webservice.jpg\" \/>\n<meta name=\"twitter:card\" content=\"summary_large_image\" \/>\n<meta name=\"twitter:title\" content=\"The digitised data webservice - Inies\" \/>\n<meta name=\"twitter:description\" content=\"The webservice allows supplying environmental building performance assessment software with digitised data from the INIES database.\" \/>\n<meta name=\"twitter:image\" content=\"https:\/\/www.inies.fr\/wp-content\/uploads\/2021\/10\/Webservice.jpg\" \/>\n<meta name=\"twitter:label1\" content=\"Est. reading time\" \/>\n\t<meta name=\"twitter:data1\" content=\"2 minutes\" \/>\n<script type=\"application\/ld+json\" class=\"yoast-schema-graph\">{\"@context\":\"https:\/\/schema.org\",\"@graph\":[{\"@type\":\"WebPage\",\"@id\":\"https:\/\/inies-dev.armstrong.space\/en\/the-digitised-data-webservice\/\",\"url\":\"https:\/\/inies-dev.armstrong.space\/en\/the-digitised-data-webservice\/\",\"name\":\"The digitised data webservice - Inies\",\"isPartOf\":{\"@id\":\"https:\/\/www.inies.fr\/#website\"},\"primaryImageOfPage\":{\"@id\":\"https:\/\/inies-dev.armstrong.space\/en\/the-digitised-data-webservice\/#primaryimage\"},\"image\":{\"@id\":\"https:\/\/inies-dev.armstrong.space\/en\/the-digitised-data-webservice\/#primaryimage\"},\"thumbnailUrl\":\"https:\/\/inies-dev.armstrong.space\/wp-content\/uploads\/2021\/10\/Webservice.jpg\",\"datePublished\":\"2022-03-29T10:27:51+00:00\",\"dateModified\":\"2023-03-02T09:39:49+00:00\",\"description\":\"The webservice allows supplying environmental building performance assessment software with digitised data from the INIES database.\",\"breadcrumb\":{\"@id\":\"https:\/\/inies-dev.armstrong.space\/en\/the-digitised-data-webservice\/#breadcrumb\"},\"inLanguage\":\"en-US\",\"potentialAction\":[{\"@type\":\"ReadAction\",\"target\":[\"https:\/\/inies-dev.armstrong.space\/en\/the-digitised-data-webservice\/\"]}]},{\"@type\":\"ImageObject\",\"inLanguage\":\"en-US\",\"@id\":\"https:\/\/inies-dev.armstrong.space\/en\/the-digitised-data-webservice\/#primaryimage\",\"url\":\"https:\/\/inies-dev.armstrong.space\/wp-content\/uploads\/2021\/10\/Webservice.jpg\",\"contentUrl\":\"https:\/\/inies-dev.armstrong.space\/wp-content\/uploads\/2021\/10\/Webservice.jpg\",\"width\":2000,\"height\":1333,\"caption\":\"The digitised data webservice\"},{\"@type\":\"BreadcrumbList\",\"@id\":\"https:\/\/inies-dev.armstrong.space\/en\/the-digitised-data-webservice\/#breadcrumb\",\"itemListElement\":[{\"@type\":\"ListItem\",\"position\":1,\"name\":\"Home\",\"item\":\"https:\/\/inies-dev.armstrong.space\/en\/\"},{\"@type\":\"ListItem\",\"position\":2,\"name\":\"Programs and services\",\"item\":\"https:\/\/www.inies.fr\/en\/programs-and-services\/\"},{\"@type\":\"ListItem\",\"position\":3,\"name\":\"The digitised data webservice\"}]},{\"@type\":\"WebSite\",\"@id\":\"https:\/\/www.inies.fr\/#website\",\"url\":\"https:\/\/www.inies.fr\/\",\"name\":\"Inies\",\"description\":\"les donn\u00e9es environnementales et sanitaires de r\u00e9f\u00e9rence pour le b\u00e2timent et la RE2020\",\"publisher\":{\"@id\":\"https:\/\/www.inies.fr\/#organization\"},\"potentialAction\":[{\"@type\":\"SearchAction\",\"target\":{\"@type\":\"EntryPoint\",\"urlTemplate\":\"https:\/\/www.inies.fr\/?s={search_term_string}\"},\"query-input\":{\"@type\":\"PropertyValueSpecification\",\"valueRequired\":true,\"valueName\":\"search_term_string\"}}],\"inLanguage\":\"en-US\"},{\"@type\":\"Organization\",\"@id\":\"https:\/\/www.inies.fr\/#organization\",\"name\":\"Inies\",\"url\":\"https:\/\/www.inies.fr\/\",\"logo\":{\"@type\":\"ImageObject\",\"inLanguage\":\"en-US\",\"@id\":\"https:\/\/www.inies.fr\/#\/schema\/logo\/image\/\",\"url\":\"https:\/\/inies-dev.armstrong.space\/wp-content\/uploads\/2021\/05\/inies-logo.png\",\"contentUrl\":\"https:\/\/inies-dev.armstrong.space\/wp-content\/uploads\/2021\/05\/inies-logo.png\",\"width\":159,\"height\":83,\"caption\":\"Inies\"},\"image\":{\"@id\":\"https:\/\/www.inies.fr\/#\/schema\/logo\/image\/\"}}]}<\/script>\n<!-- \/ Yoast SEO plugin. -->","yoast_head_json":{"title":"The digitised data webservice - Inies","description":"The webservice allows supplying environmental building performance assessment software with digitised data from the INIES database.","robots":{"index":"noindex","follow":"follow","max-snippet":"max-snippet:-1","max-image-preview":"max-image-preview:large","max-video-preview":"max-video-preview:-1"},"og_locale":"en_US","og_type":"article","og_title":"The digitised data webservice - Inies","og_description":"The webservice allows supplying environmental building performance assessment software with digitised data from the INIES database.","og_url":"https:\/\/inies-dev.armstrong.space\/en\/the-digitised-data-webservice\/","og_site_name":"Inies","article_modified_time":"2023-03-02T09:39:49+00:00","og_image":[{"url":"https:\/\/www.inies.fr\/wp-content\/uploads\/2021\/10\/Webservice.jpg","type":"","width":"","height":""}],"twitter_card":"summary_large_image","twitter_title":"The digitised data webservice - Inies","twitter_description":"The webservice allows supplying environmental building performance assessment software with digitised data from the INIES database.","twitter_image":"https:\/\/www.inies.fr\/wp-content\/uploads\/2021\/10\/Webservice.jpg","twitter_misc":{"Est. reading time":"2 minutes"},"schema":{"@context":"https:\/\/schema.org","@graph":[{"@type":"WebPage","@id":"https:\/\/inies-dev.armstrong.space\/en\/the-digitised-data-webservice\/","url":"https:\/\/inies-dev.armstrong.space\/en\/the-digitised-data-webservice\/","name":"The digitised data webservice - Inies","isPartOf":{"@id":"https:\/\/www.inies.fr\/#website"},"primaryImageOfPage":{"@id":"https:\/\/inies-dev.armstrong.space\/en\/the-digitised-data-webservice\/#primaryimage"},"image":{"@id":"https:\/\/inies-dev.armstrong.space\/en\/the-digitised-data-webservice\/#primaryimage"},"thumbnailUrl":"https:\/\/inies-dev.armstrong.space\/wp-content\/uploads\/2021\/10\/Webservice.jpg","datePublished":"2022-03-29T10:27:51+00:00","dateModified":"2023-03-02T09:39:49+00:00","description":"The webservice allows supplying environmental building performance assessment software with digitised data from the INIES database.","breadcrumb":{"@id":"https:\/\/inies-dev.armstrong.space\/en\/the-digitised-data-webservice\/#breadcrumb"},"inLanguage":"en-US","potentialAction":[{"@type":"ReadAction","target":["https:\/\/inies-dev.armstrong.space\/en\/the-digitised-data-webservice\/"]}]},{"@type":"ImageObject","inLanguage":"en-US","@id":"https:\/\/inies-dev.armstrong.space\/en\/the-digitised-data-webservice\/#primaryimage","url":"https:\/\/inies-dev.armstrong.space\/wp-content\/uploads\/2021\/10\/Webservice.jpg","contentUrl":"https:\/\/inies-dev.armstrong.space\/wp-content\/uploads\/2021\/10\/Webservice.jpg","width":2000,"height":1333,"caption":"The digitised data webservice"},{"@type":"BreadcrumbList","@id":"https:\/\/inies-dev.armstrong.space\/en\/the-digitised-data-webservice\/#breadcrumb","itemListElement":[{"@type":"ListItem","position":1,"name":"Home","item":"https:\/\/inies-dev.armstrong.space\/en\/"},{"@type":"ListItem","position":2,"name":"Programs and services","item":"https:\/\/www.inies.fr\/en\/programs-and-services\/"},{"@type":"ListItem","position":3,"name":"The digitised data webservice"}]},{"@type":"WebSite","@id":"https:\/\/www.inies.fr\/#website","url":"https:\/\/www.inies.fr\/","name":"Inies","description":"les donn\u00e9es environnementales et sanitaires de r\u00e9f\u00e9rence pour le b\u00e2timent et la RE2020","publisher":{"@id":"https:\/\/www.inies.fr\/#organization"},"potentialAction":[{"@type":"SearchAction","target":{"@type":"EntryPoint","urlTemplate":"https:\/\/www.inies.fr\/?s={search_term_string}"},"query-input":{"@type":"PropertyValueSpecification","valueRequired":true,"valueName":"search_term_string"}}],"inLanguage":"en-US"},{"@type":"Organization","@id":"https:\/\/www.inies.fr\/#organization","name":"Inies","url":"https:\/\/www.inies.fr\/","logo":{"@type":"ImageObject","inLanguage":"en-US","@id":"https:\/\/www.inies.fr\/#\/schema\/logo\/image\/","url":"https:\/\/inies-dev.armstrong.space\/wp-content\/uploads\/2021\/05\/inies-logo.png","contentUrl":"https:\/\/inies-dev.armstrong.space\/wp-content\/uploads\/2021\/05\/inies-logo.png","width":159,"height":83,"caption":"Inies"},"image":{"@id":"https:\/\/www.inies.fr\/#\/schema\/logo\/image\/"}}]}},"_links":{"self":[{"href":"https:\/\/inies-dev.armstrong.space\/en\/wp-json\/wp\/v2\/pages\/4620","targetHints":{"allow":["GET"]}}],"collection":[{"href":"https:\/\/inies-dev.armstrong.space\/en\/wp-json\/wp\/v2\/pages"}],"about":[{"href":"https:\/\/inies-dev.armstrong.space\/en\/wp-json\/wp\/v2\/types\/page"}],"author":[{"embeddable":true,"href":"https:\/\/inies-dev.armstrong.space\/en\/wp-json\/wp\/v2\/users\/1"}],"replies":[{"embeddable":true,"href":"https:\/\/inies-dev.armstrong.space\/en\/wp-json\/wp\/v2\/comments?post=4620"}],"version-history":[{"count":9,"href":"https:\/\/inies-dev.armstrong.space\/en\/wp-json\/wp\/v2\/pages\/4620\/revisions"}],"predecessor-version":[{"id":23786,"href":"https:\/\/inies-dev.armstrong.space\/en\/wp-json\/wp\/v2\/pages\/4620\/revisions\/23786"}],"wp:featuredmedia":[{"embeddable":true,"href":"https:\/\/inies-dev.armstrong.space\/en\/wp-json\/wp\/v2\/media\/3094"}],"wp:attachment":[{"href":"https:\/\/inies-dev.armstrong.space\/en\/wp-json\/wp\/v2\/media?parent=4620"}],"curies":[{"name":"wp","href":"https:\/\/api.w.org\/{rel}","templated":true}]}}