{"id":4603,"date":"2022-03-28T17:06:58","date_gmt":"2022-03-28T15:06:58","guid":{"rendered":"https:\/\/www.inies.fr\/the-pep-ecopassport-verification-programme\/"},"modified":"2023-03-02T10:38:28","modified_gmt":"2023-03-02T09:38:28","slug":"the-pep-ecopassport-verification-programme","status":"publish","type":"page","link":"https:\/\/inies-dev.armstrong.space\/en\/programs-and-services\/the-pep-ecopassport-verification-programme\/","title":{"rendered":"The PEP ecopassport\u00ae verification programme"},"content":{"rendered":"\t\t<div data-elementor-type=\"wp-page\" data-elementor-id=\"4603\" class=\"elementor elementor-4603 elementor-1319\" data-elementor-post-type=\"page\">\n\t\t\t\t\t\t<section class=\"elementor-section elementor-top-section elementor-element elementor-element-7fd522c3 elementor-section-boxed elementor-section-height-default elementor-section-height-default\" data-id=\"7fd522c3\" data-element_type=\"section\" data-e-type=\"section\" data-settings=\"{&quot;background_background&quot;:&quot;classic&quot;}\">\n\t\t\t\t\t\t\t<div class=\"elementor-background-overlay\"><\/div>\n\t\t\t\t\t\t\t<div class=\"elementor-container elementor-column-gap-default\">\n\t\t\t\t\t<div class=\"elementor-column elementor-col-100 elementor-top-column elementor-element elementor-element-3d9ac0b7\" data-id=\"3d9ac0b7\" data-element_type=\"column\" data-e-type=\"column\">\n\t\t\t<div class=\"elementor-widget-wrap elementor-element-populated\">\n\t\t\t\t\t\t<div class=\"elementor-element elementor-element-25f3a45 elementor-widget elementor-widget-text-editor\" data-id=\"25f3a45\" data-element_type=\"widget\" data-e-type=\"widget\" data-widget_type=\"text-editor.default\">\n\t\t\t\t<div class=\"elementor-widget-container\">\n\t\t\t\t\t\t\t\t\tIt is the international verification programme for type III environmental declarations for electrical and HVAC products, allowing manufacturers to draw up and publish PEP. This programme is accredited by the State.\t\t\t\t\t\t\t\t<\/div>\n\t\t\t\t<\/div>\n\t\t\t\t\t<\/div>\n\t\t<\/div>\n\t\t\t\t\t<\/div>\n\t\t<\/section>\n\t\t\t\t<section class=\"elementor-section elementor-top-section elementor-element elementor-element-477f673a elementor-section-boxed elementor-section-height-default elementor-section-height-default\" data-id=\"477f673a\" data-element_type=\"section\" data-e-type=\"section\">\n\t\t\t\t\t\t<div class=\"elementor-container elementor-column-gap-default\">\n\t\t\t\t\t<div class=\"elementor-column elementor-col-100 elementor-top-column elementor-element elementor-element-2c2ba949\" data-id=\"2c2ba949\" data-element_type=\"column\" data-e-type=\"column\">\n\t\t\t<div class=\"elementor-widget-wrap elementor-element-populated\">\n\t\t\t\t\t\t<div class=\"elementor-element elementor-element-62f87836 elementor-widget elementor-widget-breadcrumbs\" data-id=\"62f87836\" data-element_type=\"widget\" data-e-type=\"widget\" data-widget_type=\"breadcrumbs.default\">\n\t\t\t\t<div class=\"elementor-widget-container\">\n\t\t\t\t\t<p id=\"breadcrumbs\"><span><span><a href=\"https:\/\/inies-dev.armstrong.space\/en\/\">Home<\/a><\/span><\/span><\/p>\t\t\t\t<\/div>\n\t\t\t\t<\/div>\n\t\t\t\t\t<\/div>\n\t\t<\/div>\n\t\t\t\t\t<\/div>\n\t\t<\/section>\n\t\t\t\t<section class=\"elementor-section elementor-top-section elementor-element elementor-element-73b2b145 elementor-section-boxed elementor-section-height-default elementor-section-height-default\" data-id=\"73b2b145\" data-element_type=\"section\" data-e-type=\"section\">\n\t\t\t\t\t\t<div class=\"elementor-container elementor-column-gap-wider\">\n\t\t\t\t\t<div class=\"elementor-column elementor-col-100 elementor-top-column elementor-element elementor-element-3c9e3ad4\" data-id=\"3c9e3ad4\" data-element_type=\"column\" data-e-type=\"column\">\n\t\t\t<div class=\"elementor-widget-wrap elementor-element-populated\">\n\t\t\t\t\t\t<section class=\"elementor-section elementor-inner-section elementor-element elementor-element-2034beaa elementor-section-boxed elementor-section-height-default elementor-section-height-default\" data-id=\"2034beaa\" data-element_type=\"section\" data-e-type=\"section\">\n\t\t\t\t\t\t<div class=\"elementor-container elementor-column-gap-default\">\n\t\t\t\t\t<div class=\"elementor-column elementor-col-100 elementor-inner-column elementor-element elementor-element-4728635b\" data-id=\"4728635b\" data-element_type=\"column\" data-e-type=\"column\">\n\t\t\t<div class=\"elementor-widget-wrap elementor-element-populated\">\n\t\t\t\t\t\t<div class=\"elementor-element elementor-element-2d3773c6 elementor-widget elementor-widget-text-editor\" data-id=\"2d3773c6\" data-element_type=\"widget\" data-e-type=\"widget\" data-widget_type=\"text-editor.default\">\n\t\t\t\t<div class=\"elementor-widget-container\">\n\t\t\t\t\t\t\t\t\t<h2>The actors of the PEP ECOPASSPORT programme<\/h2><p>The organisation of the PEP ecopassport\u00ae Programme relies on:<\/p><ul><li>An association that provides legal support and administrative operation of the PEP ecopassport Programme<\/li><li>Active or associate members, members of the PEP Association<\/li><li>A Steering Committee which determines and leads the Programme policy, with support of a Bureau designated within it<\/li><li>A Bureau responsible for managing the association<\/li><li>A Technical Committee responsible for ensuring compliance with and updating the technical rules, assisted by sectoral or thematic working groups.<\/li><\/ul>\t\t\t\t\t\t\t\t<\/div>\n\t\t\t\t<\/div>\n\t\t\t\t<div class=\"elementor-element elementor-element-e8b7b2c elementor-widget elementor-widget-image\" data-id=\"e8b7b2c\" data-element_type=\"widget\" data-e-type=\"widget\" data-widget_type=\"image.default\">\n\t\t\t\t<div class=\"elementor-widget-container\">\n\t\t\t\t\t\t\t\t\t\t\t\t\t\t\t<img fetchpriority=\"high\" decoding=\"async\" width=\"640\" height=\"442\" src=\"https:\/\/inies-dev.armstrong.space\/wp-content\/uploads\/2021\/07\/pep-ecopassport.png\" class=\"attachment-large size-large wp-image-1321\" alt=\"The PEP ecopassport\u00ae verification programme\" srcset=\"https:\/\/inies-dev.armstrong.space\/wp-content\/uploads\/2021\/07\/pep-ecopassport.png 776w, https:\/\/inies-dev.armstrong.space\/wp-content\/uploads\/2021\/07\/pep-ecopassport-300x207.png 300w, https:\/\/inies-dev.armstrong.space\/wp-content\/uploads\/2021\/07\/pep-ecopassport-768x530.png 768w\" sizes=\"(max-width: 640px) 100vw, 640px\" \/>\t\t\t\t\t\t\t\t\t\t\t\t\t\t\t<\/div>\n\t\t\t\t<\/div>\n\t\t\t\t<div class=\"elementor-element elementor-element-819a9f6 elementor-widget elementor-widget-text-editor\" data-id=\"819a9f6\" data-element_type=\"widget\" data-e-type=\"widget\" data-widget_type=\"text-editor.default\">\n\t\t\t\t<div class=\"elementor-widget-container\">\n\t\t\t\t\t\t\t\t\t<h2>Verification of the PEP ECOPASSPORT programme<\/h2><p>Verification by an independent third party is a mandatory procedure since 1 July 2017, which means that it must be carried out by an accredited PEP Ecopassport\u00ae verifier.<\/p><p>The role of accredited verifiers consists of verifying, in accordance with the procedures provided for by the Programme, the compliance of the PEP with the &#8220;Instructions of the PEP ecopassport\u00ae Programme&#8221;, as well as the &#8220;PEP drafting rules&#8221;.<\/p><p>The accreditation of the verifiers is based on the requirements of ISO 14025 standard and takes best professional practices into account. This procedure aims to qualify and endorse the skills required to ensure the quality and independence of verifications of PEP subject to the compliance process of the PEP ecopassport\u00ae Programme.<\/p><p>The verified data include the PEP Ecopassport logo below.<\/p><p>The verification results in the publication of two documents proving the conformity of the PEP:<\/p><ul><li>The verification certificate signed by the accredited verifier<\/li><li>The verification report<\/li><\/ul><h2>Become an accredited PEP Ecopassport verifier<\/h2><p>The role of accredited verifiers consists of verifying, according to the procedures provided for by the Programme, the compliance of the PEP with the &#8220;PEP ecopassport\u00ae programme&#8221;, and XPC08-100-1 standard or PCR edition 4 (PEP ecopassport\u00ae).<\/p><p>The accreditation of verifiers is based on the requirements of ISO 14025 standard and takes best professional practices into account. This procedure aims to qualify and endorse the skills required to ensure the quality and independence of verifications of PEP subject to the compliance process of the PEP Ecopassport Programme.<\/p>\t\t\t\t\t\t\t\t<\/div>\n\t\t\t\t<\/div>\n\t\t\t\t\t<\/div>\n\t\t<\/div>\n\t\t\t\t\t<\/div>\n\t\t<\/section>\n\t\t\t\t\t<\/div>\n\t\t<\/div>\n\t\t\t\t\t<\/div>\n\t\t<\/section>\n\t\t\t\t<section class=\"elementor-section elementor-top-section elementor-element elementor-element-2ab3143 elementor-section-boxed elementor-section-height-default elementor-section-height-default\" data-id=\"2ab3143\" data-element_type=\"section\" data-e-type=\"section\">\n\t\t\t\t\t\t<div class=\"elementor-container elementor-column-gap-default\">\n\t\t\t\t\t<div class=\"elementor-column elementor-col-100 elementor-top-column elementor-element elementor-element-46e312f\" data-id=\"46e312f\" data-element_type=\"column\" data-e-type=\"column\">\n\t\t\t<div class=\"elementor-widget-wrap elementor-element-populated\">\n\t\t\t\t\t\t<section class=\"elementor-section elementor-inner-section elementor-element elementor-element-ca0c4b4 grid-faq-page elementor-section-boxed elementor-section-height-default elementor-section-height-default\" data-id=\"ca0c4b4\" data-element_type=\"section\" data-e-type=\"section\">\n\t\t\t\t\t\t<div class=\"elementor-container elementor-column-gap-default\">\n\t\t\t\t\t<div class=\"elementor-column elementor-col-100 elementor-inner-column elementor-element elementor-element-969b0a3\" data-id=\"969b0a3\" data-element_type=\"column\" data-e-type=\"column\">\n\t\t\t<div class=\"elementor-widget-wrap elementor-element-populated\">\n\t\t\t\t\t\t<div class=\"elementor-element elementor-element-8534e5b elementor-cta--layout-image-above elementor-cta--valign-middle rappel-faq-page elementor-cta--skin-classic elementor-animated-content elementor-bg-transform elementor-bg-transform-zoom-in elementor-widget elementor-widget-call-to-action\" data-id=\"8534e5b\" data-element_type=\"widget\" data-e-type=\"widget\" data-widget_type=\"call-to-action.default\">\n\t\t\t\t<div class=\"elementor-widget-container\">\n\t\t\t\t\t\t\t<a class=\"elementor-cta\" href=\"https:\/\/www.inies-dev.armstrong.space\/ressources-documentaires\/foire-aux-questions\/#question-1029\" target=\"_blank\">\n\t\t\t\t\t\t\t<div class=\"elementor-cta__content\">\n\t\t\t\t\t\t\t\t\t<div class=\"elementor-content-item elementor-cta__content-item elementor-cta__image\">\n\t\t\t\t\t\t<img decoding=\"async\" width=\"77\" height=\"77\" src=\"https:\/\/inies-dev.armstrong.space\/wp-content\/uploads\/2021\/09\/picto-faq.png\" class=\"attachment-thumbnail size-thumbnail wp-image-2588\" alt=\"picto FAQ\" \/>\t\t\t\t\t<\/div>\n\t\t\t\t\n\t\t\t\t\t\t\t\t\t<h3 class=\"elementor-cta__title elementor-cta__content-item elementor-content-item\">\n\t\t\t\t\t\tWho verifies the content of the environmental declarations? And what?\t\t\t\t\t<\/h3>\n\t\t\t\t\n\t\t\t\t\t\t\t\t\t<div class=\"elementor-cta__description elementor-cta__content-item elementor-content-item\">\n\t\t\t\t\t\tSince 1 July 2017, manufacturers must have the conformity of their environmental declarations verified by an independent third party (accredited verifiers)...\t\t\t\t\t<\/div>\n\t\t\t\t\n\t\t\t\t\t\t\t\t\t<div class=\"elementor-cta__button-wrapper elementor-cta__content-item elementor-content-item \">\n\t\t\t\t\t<span class=\"elementor-cta__button elementor-button elementor-size-xs\">\n\t\t\t\t\t\tRead full answer\t\t\t\t\t<\/span>\n\t\t\t\t\t<\/div>\n\t\t\t\t\t\t\t<\/div>\n\t\t\t\t\t\t\t<div class=\"elementor-ribbon elementor-ribbon-left\">\n\t\t\t\t<div class=\"elementor-ribbon-inner\">\n\t\t\t\t\tFAQ\t\t\t\t<\/div>\n\t\t\t<\/div>\n\t\t\t\t<\/a>\n\t\t\t\t\t\t<\/div>\n\t\t\t\t<\/div>\n\t\t\t\t\t<\/div>\n\t\t<\/div>\n\t\t\t\t\t<\/div>\n\t\t<\/section>\n\t\t\t\t\t<\/div>\n\t\t<\/div>\n\t\t\t\t\t<\/div>\n\t\t<\/section>\n\t\t\t\t<section class=\"elementor-section elementor-top-section elementor-element elementor-element-177c6f5f elementor-section-boxed elementor-section-height-default elementor-section-height-default\" data-id=\"177c6f5f\" data-element_type=\"section\" data-e-type=\"section\">\n\t\t\t\t\t\t<div class=\"elementor-container elementor-column-gap-default\">\n\t\t\t\t\t<div class=\"elementor-column elementor-col-100 elementor-top-column elementor-element elementor-element-75835ab8\" data-id=\"75835ab8\" data-element_type=\"column\" data-e-type=\"column\">\n\t\t\t<div class=\"elementor-widget-wrap elementor-element-populated\">\n\t\t\t\t\t\t<div class=\"elementor-element elementor-element-3534dd3e elementor-widget elementor-widget-heading\" data-id=\"3534dd3e\" data-element_type=\"widget\" data-e-type=\"widget\" data-widget_type=\"heading.default\">\n\t\t\t\t<div class=\"elementor-widget-container\">\n\t\t\t\t\t<h2 class=\"elementor-heading-title elementor-size-default\">Related documents<\/h2>\t\t\t\t<\/div>\n\t\t\t\t<\/div>\n\t\t\t\t<div class=\"elementor-element elementor-element-746e21a9 elementor-widget elementor-widget-heading\" data-id=\"746e21a9\" data-element_type=\"widget\" data-e-type=\"widget\" data-widget_type=\"heading.default\">\n\t\t\t\t<div class=\"elementor-widget-container\">\n\t\t\t\t\t<p class=\"elementor-heading-title elementor-size-default\"><a href=\"https:\/\/www.inies-dev.armstrong.space\/ressources-documentaires\/\">See more documents<\/a><\/p>\t\t\t\t<\/div>\n\t\t\t\t<\/div>\n\t\t\t\t\t<\/div>\n\t\t<\/div>\n\t\t\t\t\t<\/div>\n\t\t<\/section>\n\t\t\t\t<\/div>\n\t\t","protected":false},"excerpt":{"rendered":"<p>It is the international verification programme for type III environmental declarations for electrical and HVAC [&hellip;]<\/p>\n","protected":false},"author":1,"featured_media":3086,"parent":4745,"menu_order":0,"comment_status":"closed","ping_status":"closed","template":"","meta":{"_acf_changed":false,"footnotes":""},"class_list":["post-4603","page","type-page","status-publish","has-post-thumbnail","hentry"],"acf":[],"yoast_head":"<!-- This site is optimized with the Yoast SEO plugin v26.9 - https:\/\/yoast.com\/product\/yoast-seo-wordpress\/ -->\n<title>The PEP ecopassport\u00ae verification programme - Inies<\/title>\n<meta name=\"description\" content=\"It is the international verification programme for type III environmental declarations for electrical and HVAC products, allowing manufacturers to draw up and publish PEP.\" \/>\n<meta name=\"robots\" content=\"noindex, follow, max-snippet:-1, max-image-preview:large, max-video-preview:-1\" \/>\n<meta property=\"og:locale\" content=\"en_US\" \/>\n<meta property=\"og:type\" content=\"article\" \/>\n<meta property=\"og:title\" content=\"The PEP ecopassport\u00ae verification programme - Inies\" \/>\n<meta property=\"og:description\" content=\"It is the international verification programme for type III environmental declarations for electrical and HVAC products, allowing manufacturers to draw up and publish PEP. This programme is accredited by the State.\" \/>\n<meta property=\"og:url\" content=\"https:\/\/inies-dev.armstrong.space\/en\/programs-and-services\/the-pep-ecopassport-verification-programme\/\" \/>\n<meta property=\"og:site_name\" content=\"Inies\" \/>\n<meta property=\"article:modified_time\" content=\"2023-03-02T09:38:28+00:00\" \/>\n<meta property=\"og:image\" content=\"https:\/\/www.inies.fr\/wp-content\/uploads\/2021\/10\/Programme-de-verification.jpg\" \/>\n<meta name=\"twitter:card\" content=\"summary_large_image\" \/>\n<meta name=\"twitter:title\" content=\"The PEP ecopassport\u00ae verification programme - Inies\" \/>\n<meta name=\"twitter:description\" content=\"It is the international verification programme for type III environmental declarations for electrical and HVAC products, allowing manufacturers to draw up and publish PEP. This programme is accredited by the State.\" \/>\n<meta name=\"twitter:image\" content=\"https:\/\/www.inies.fr\/wp-content\/uploads\/2021\/10\/Programme-de-verification.jpg\" \/>\n<meta name=\"twitter:label1\" content=\"Est. reading time\" \/>\n\t<meta name=\"twitter:data1\" content=\"3 minutes\" \/>\n<script type=\"application\/ld+json\" class=\"yoast-schema-graph\">{\"@context\":\"https:\/\/schema.org\",\"@graph\":[{\"@type\":\"WebPage\",\"@id\":\"https:\/\/inies-dev.armstrong.space\/en\/programs-and-services\/the-pep-ecopassport-verification-programme\/\",\"url\":\"https:\/\/inies-dev.armstrong.space\/en\/programs-and-services\/the-pep-ecopassport-verification-programme\/\",\"name\":\"The PEP ecopassport\u00ae verification programme - Inies\",\"isPartOf\":{\"@id\":\"https:\/\/www.inies.fr\/#website\"},\"primaryImageOfPage\":{\"@id\":\"https:\/\/inies-dev.armstrong.space\/en\/programs-and-services\/the-pep-ecopassport-verification-programme\/#primaryimage\"},\"image\":{\"@id\":\"https:\/\/inies-dev.armstrong.space\/en\/programs-and-services\/the-pep-ecopassport-verification-programme\/#primaryimage\"},\"thumbnailUrl\":\"https:\/\/inies-dev.armstrong.space\/wp-content\/uploads\/2021\/10\/Programme-de-verification.jpg\",\"datePublished\":\"2022-03-28T15:06:58+00:00\",\"dateModified\":\"2023-03-02T09:38:28+00:00\",\"description\":\"It is the international verification programme for type III environmental declarations for electrical and HVAC products, allowing manufacturers to draw up and publish PEP.\",\"breadcrumb\":{\"@id\":\"https:\/\/inies-dev.armstrong.space\/en\/programs-and-services\/the-pep-ecopassport-verification-programme\/#breadcrumb\"},\"inLanguage\":\"en-US\",\"potentialAction\":[{\"@type\":\"ReadAction\",\"target\":[\"https:\/\/inies-dev.armstrong.space\/en\/programs-and-services\/the-pep-ecopassport-verification-programme\/\"]}]},{\"@type\":\"ImageObject\",\"inLanguage\":\"en-US\",\"@id\":\"https:\/\/inies-dev.armstrong.space\/en\/programs-and-services\/the-pep-ecopassport-verification-programme\/#primaryimage\",\"url\":\"https:\/\/inies-dev.armstrong.space\/wp-content\/uploads\/2021\/10\/Programme-de-verification.jpg\",\"contentUrl\":\"https:\/\/inies-dev.armstrong.space\/wp-content\/uploads\/2021\/10\/Programme-de-verification.jpg\",\"width\":2000,\"height\":1335,\"caption\":\"Verification programme\"},{\"@type\":\"BreadcrumbList\",\"@id\":\"https:\/\/inies-dev.armstrong.space\/en\/programs-and-services\/the-pep-ecopassport-verification-programme\/#breadcrumb\",\"itemListElement\":[{\"@type\":\"ListItem\",\"position\":1,\"name\":\"Home\",\"item\":\"https:\/\/inies-dev.armstrong.space\/en\/\"},{\"@type\":\"ListItem\",\"position\":2,\"name\":\"Programs and services\",\"item\":\"https:\/\/www.inies.fr\/en\/programs-and-services\/\"},{\"@type\":\"ListItem\",\"position\":3,\"name\":\"The PEP ecopassport\u00ae verification programme\"}]},{\"@type\":\"WebSite\",\"@id\":\"https:\/\/www.inies.fr\/#website\",\"url\":\"https:\/\/www.inies.fr\/\",\"name\":\"Inies\",\"description\":\"les donn\u00e9es environnementales et sanitaires de r\u00e9f\u00e9rence pour le b\u00e2timent et la RE2020\",\"publisher\":{\"@id\":\"https:\/\/www.inies.fr\/#organization\"},\"potentialAction\":[{\"@type\":\"SearchAction\",\"target\":{\"@type\":\"EntryPoint\",\"urlTemplate\":\"https:\/\/www.inies.fr\/?s={search_term_string}\"},\"query-input\":{\"@type\":\"PropertyValueSpecification\",\"valueRequired\":true,\"valueName\":\"search_term_string\"}}],\"inLanguage\":\"en-US\"},{\"@type\":\"Organization\",\"@id\":\"https:\/\/www.inies.fr\/#organization\",\"name\":\"Inies\",\"url\":\"https:\/\/www.inies.fr\/\",\"logo\":{\"@type\":\"ImageObject\",\"inLanguage\":\"en-US\",\"@id\":\"https:\/\/www.inies.fr\/#\/schema\/logo\/image\/\",\"url\":\"https:\/\/inies-dev.armstrong.space\/wp-content\/uploads\/2021\/05\/inies-logo.png\",\"contentUrl\":\"https:\/\/inies-dev.armstrong.space\/wp-content\/uploads\/2021\/05\/inies-logo.png\",\"width\":159,\"height\":83,\"caption\":\"Inies\"},\"image\":{\"@id\":\"https:\/\/www.inies.fr\/#\/schema\/logo\/image\/\"}}]}<\/script>\n<!-- \/ Yoast SEO plugin. -->","yoast_head_json":{"title":"The PEP ecopassport\u00ae verification programme - Inies","description":"It is the international verification programme for type III environmental declarations for electrical and HVAC products, allowing manufacturers to draw up and publish PEP.","robots":{"index":"noindex","follow":"follow","max-snippet":"max-snippet:-1","max-image-preview":"max-image-preview:large","max-video-preview":"max-video-preview:-1"},"og_locale":"en_US","og_type":"article","og_title":"The PEP ecopassport\u00ae verification programme - Inies","og_description":"It is the international verification programme for type III environmental declarations for electrical and HVAC products, allowing manufacturers to draw up and publish PEP. This programme is accredited by the State.","og_url":"https:\/\/inies-dev.armstrong.space\/en\/programs-and-services\/the-pep-ecopassport-verification-programme\/","og_site_name":"Inies","article_modified_time":"2023-03-02T09:38:28+00:00","og_image":[{"url":"https:\/\/www.inies.fr\/wp-content\/uploads\/2021\/10\/Programme-de-verification.jpg","type":"","width":"","height":""}],"twitter_card":"summary_large_image","twitter_title":"The PEP ecopassport\u00ae verification programme - Inies","twitter_description":"It is the international verification programme for type III environmental declarations for electrical and HVAC products, allowing manufacturers to draw up and publish PEP. This programme is accredited by the State.","twitter_image":"https:\/\/www.inies.fr\/wp-content\/uploads\/2021\/10\/Programme-de-verification.jpg","twitter_misc":{"Est. reading time":"3 minutes"},"schema":{"@context":"https:\/\/schema.org","@graph":[{"@type":"WebPage","@id":"https:\/\/inies-dev.armstrong.space\/en\/programs-and-services\/the-pep-ecopassport-verification-programme\/","url":"https:\/\/inies-dev.armstrong.space\/en\/programs-and-services\/the-pep-ecopassport-verification-programme\/","name":"The PEP ecopassport\u00ae verification programme - Inies","isPartOf":{"@id":"https:\/\/www.inies.fr\/#website"},"primaryImageOfPage":{"@id":"https:\/\/inies-dev.armstrong.space\/en\/programs-and-services\/the-pep-ecopassport-verification-programme\/#primaryimage"},"image":{"@id":"https:\/\/inies-dev.armstrong.space\/en\/programs-and-services\/the-pep-ecopassport-verification-programme\/#primaryimage"},"thumbnailUrl":"https:\/\/inies-dev.armstrong.space\/wp-content\/uploads\/2021\/10\/Programme-de-verification.jpg","datePublished":"2022-03-28T15:06:58+00:00","dateModified":"2023-03-02T09:38:28+00:00","description":"It is the international verification programme for type III environmental declarations for electrical and HVAC products, allowing manufacturers to draw up and publish PEP.","breadcrumb":{"@id":"https:\/\/inies-dev.armstrong.space\/en\/programs-and-services\/the-pep-ecopassport-verification-programme\/#breadcrumb"},"inLanguage":"en-US","potentialAction":[{"@type":"ReadAction","target":["https:\/\/inies-dev.armstrong.space\/en\/programs-and-services\/the-pep-ecopassport-verification-programme\/"]}]},{"@type":"ImageObject","inLanguage":"en-US","@id":"https:\/\/inies-dev.armstrong.space\/en\/programs-and-services\/the-pep-ecopassport-verification-programme\/#primaryimage","url":"https:\/\/inies-dev.armstrong.space\/wp-content\/uploads\/2021\/10\/Programme-de-verification.jpg","contentUrl":"https:\/\/inies-dev.armstrong.space\/wp-content\/uploads\/2021\/10\/Programme-de-verification.jpg","width":2000,"height":1335,"caption":"Verification programme"},{"@type":"BreadcrumbList","@id":"https:\/\/inies-dev.armstrong.space\/en\/programs-and-services\/the-pep-ecopassport-verification-programme\/#breadcrumb","itemListElement":[{"@type":"ListItem","position":1,"name":"Home","item":"https:\/\/inies-dev.armstrong.space\/en\/"},{"@type":"ListItem","position":2,"name":"Programs and services","item":"https:\/\/www.inies.fr\/en\/programs-and-services\/"},{"@type":"ListItem","position":3,"name":"The PEP ecopassport\u00ae verification programme"}]},{"@type":"WebSite","@id":"https:\/\/www.inies.fr\/#website","url":"https:\/\/www.inies.fr\/","name":"Inies","description":"les donn\u00e9es environnementales et sanitaires de r\u00e9f\u00e9rence pour le b\u00e2timent et la RE2020","publisher":{"@id":"https:\/\/www.inies.fr\/#organization"},"potentialAction":[{"@type":"SearchAction","target":{"@type":"EntryPoint","urlTemplate":"https:\/\/www.inies.fr\/?s={search_term_string}"},"query-input":{"@type":"PropertyValueSpecification","valueRequired":true,"valueName":"search_term_string"}}],"inLanguage":"en-US"},{"@type":"Organization","@id":"https:\/\/www.inies.fr\/#organization","name":"Inies","url":"https:\/\/www.inies.fr\/","logo":{"@type":"ImageObject","inLanguage":"en-US","@id":"https:\/\/www.inies.fr\/#\/schema\/logo\/image\/","url":"https:\/\/inies-dev.armstrong.space\/wp-content\/uploads\/2021\/05\/inies-logo.png","contentUrl":"https:\/\/inies-dev.armstrong.space\/wp-content\/uploads\/2021\/05\/inies-logo.png","width":159,"height":83,"caption":"Inies"},"image":{"@id":"https:\/\/www.inies.fr\/#\/schema\/logo\/image\/"}}]}},"_links":{"self":[{"href":"https:\/\/inies-dev.armstrong.space\/en\/wp-json\/wp\/v2\/pages\/4603","targetHints":{"allow":["GET"]}}],"collection":[{"href":"https:\/\/inies-dev.armstrong.space\/en\/wp-json\/wp\/v2\/pages"}],"about":[{"href":"https:\/\/inies-dev.armstrong.space\/en\/wp-json\/wp\/v2\/types\/page"}],"author":[{"embeddable":true,"href":"https:\/\/inies-dev.armstrong.space\/en\/wp-json\/wp\/v2\/users\/1"}],"replies":[{"embeddable":true,"href":"https:\/\/inies-dev.armstrong.space\/en\/wp-json\/wp\/v2\/comments?post=4603"}],"version-history":[{"count":9,"href":"https:\/\/inies-dev.armstrong.space\/en\/wp-json\/wp\/v2\/pages\/4603\/revisions"}],"predecessor-version":[{"id":23783,"href":"https:\/\/inies-dev.armstrong.space\/en\/wp-json\/wp\/v2\/pages\/4603\/revisions\/23783"}],"up":[{"embeddable":true,"href":"https:\/\/inies-dev.armstrong.space\/en\/wp-json\/wp\/v2\/pages\/4745"}],"wp:featuredmedia":[{"embeddable":true,"href":"https:\/\/inies-dev.armstrong.space\/en\/wp-json\/wp\/v2\/media\/3086"}],"wp:attachment":[{"href":"https:\/\/inies-dev.armstrong.space\/en\/wp-json\/wp\/v2\/media?parent=4603"}],"curies":[{"name":"wp","href":"https:\/\/api.w.org\/{rel}","templated":true}]}}