{"id":4507,"date":"2022-03-22T16:33:44","date_gmt":"2022-03-22T15:33:44","guid":{"rendered":"https:\/\/www.inies.fr\/inies-for-building\/"},"modified":"2022-03-22T16:33:45","modified_gmt":"2022-03-22T15:33:45","slug":"inies-for-building","status":"publish","type":"page","link":"https:\/\/inies-dev.armstrong.space\/en\/inies-for-building\/","title":{"rendered":"INIES for building"},"content":{"rendered":"\t\t<div data-elementor-type=\"wp-page\" data-elementor-id=\"4507\" class=\"elementor elementor-4507 elementor-1974\" data-elementor-post-type=\"page\">\n\t\t\t\t\t\t<section class=\"elementor-section elementor-top-section elementor-element elementor-element-7fd522c3 elementor-section-boxed elementor-section-height-default elementor-section-height-default\" data-id=\"7fd522c3\" data-element_type=\"section\" data-e-type=\"section\" data-settings=\"{&quot;background_background&quot;:&quot;classic&quot;}\">\n\t\t\t\t\t\t\t<div class=\"elementor-background-overlay\"><\/div>\n\t\t\t\t\t\t\t<div class=\"elementor-container elementor-column-gap-default\">\n\t\t\t\t\t<div class=\"elementor-column elementor-col-100 elementor-top-column elementor-element elementor-element-3d9ac0b7\" data-id=\"3d9ac0b7\" data-element_type=\"column\" data-e-type=\"column\">\n\t\t\t<div class=\"elementor-widget-wrap elementor-element-populated\">\n\t\t\t\t\t\t\t<\/div>\n\t\t<\/div>\n\t\t\t\t\t<\/div>\n\t\t<\/section>\n\t\t\t\t<section class=\"elementor-section elementor-top-section elementor-element elementor-element-477f673a elementor-section-boxed elementor-section-height-default elementor-section-height-default\" data-id=\"477f673a\" data-element_type=\"section\" data-e-type=\"section\">\n\t\t\t\t\t\t<div class=\"elementor-container elementor-column-gap-default\">\n\t\t\t\t\t<div class=\"elementor-column elementor-col-100 elementor-top-column elementor-element elementor-element-2c2ba949\" data-id=\"2c2ba949\" data-element_type=\"column\" data-e-type=\"column\">\n\t\t\t<div class=\"elementor-widget-wrap elementor-element-populated\">\n\t\t\t\t\t\t<div class=\"elementor-element elementor-element-62f87836 elementor-widget elementor-widget-breadcrumbs\" data-id=\"62f87836\" data-element_type=\"widget\" data-e-type=\"widget\" data-widget_type=\"breadcrumbs.default\">\n\t\t\t\t<div class=\"elementor-widget-container\">\n\t\t\t\t\t<p id=\"breadcrumbs\"><span><span><a href=\"https:\/\/inies-dev.armstrong.space\/en\/\">Home<\/a><\/span><\/span><\/p>\t\t\t\t<\/div>\n\t\t\t\t<\/div>\n\t\t\t\t\t<\/div>\n\t\t<\/div>\n\t\t\t\t\t<\/div>\n\t\t<\/section>\n\t\t\t\t<section class=\"elementor-section elementor-top-section elementor-element elementor-element-73b2b145 elementor-section-boxed elementor-section-height-default elementor-section-height-default\" data-id=\"73b2b145\" data-element_type=\"section\" data-e-type=\"section\">\n\t\t\t\t\t\t<div class=\"elementor-container elementor-column-gap-wider\">\n\t\t\t\t\t<div class=\"elementor-column elementor-col-100 elementor-top-column elementor-element elementor-element-3c9e3ad4\" data-id=\"3c9e3ad4\" data-element_type=\"column\" data-e-type=\"column\">\n\t\t\t<div class=\"elementor-widget-wrap elementor-element-populated\">\n\t\t\t\t\t\t<div class=\"elementor-element elementor-element-3ea42c5 elementor-widget elementor-widget-shortcode\" data-id=\"3ea42c5\" data-element_type=\"widget\" data-e-type=\"widget\" data-widget_type=\"shortcode.default\">\n\t\t\t\t<div class=\"elementor-widget-container\">\n\t\t\t\t\t\t\t<div class=\"elementor-shortcode\">    <div>\r\n                    <article class=\"childpages col post-4557\">\r\n                <div class=\"childpages-contenu d-flex justify-content-between align-items-center\">\r\n                    <a href=\"https:\/\/inies-dev.armstrong.space\/en\/inies-for-building\/product-lca\/\">\r\n                        <h3 class=\"texte-inies-dark-blue\">Product LCA<\/h3>\r\n                    <\/a>\r\n                    <div class=\"\">\r\n                        <a href=\"https:\/\/inies-dev.armstrong.space\/en\/inies-for-building\/product-lca\/\" class=\"mx-5\">Acc\u00e9der<\/a>\r\n                    <\/div>\r\n                <\/div>\r\n            <\/article>\r\n                    <article class=\"childpages col post-4588\">\r\n                <div class=\"childpages-contenu d-flex justify-content-between align-items-center\">\r\n                    <a href=\"https:\/\/inies-dev.armstrong.space\/en\/inies-for-building\/building-lca\/\">\r\n                        <h3 class=\"texte-inies-dark-blue\">Building LCA<\/h3>\r\n                    <\/a>\r\n                    <div class=\"\">\r\n                        <a href=\"https:\/\/inies-dev.armstrong.space\/en\/inies-for-building\/building-lca\/\" class=\"mx-5\">Acc\u00e9der<\/a>\r\n                    <\/div>\r\n                <\/div>\r\n            <\/article>\r\n                    <article class=\"childpages col post-4595\">\r\n                <div class=\"childpages-contenu d-flex justify-content-between align-items-center\">\r\n                    <a href=\"https:\/\/inies-dev.armstrong.space\/en\/inies-for-building\/the-circular-economy\/\">\r\n                        <h3 class=\"texte-inies-dark-blue\">The circular economy<\/h3>\r\n                    <\/a>\r\n                    <div class=\"\">\r\n                        <a href=\"https:\/\/inies-dev.armstrong.space\/en\/inies-for-building\/the-circular-economy\/\" class=\"mx-5\">Acc\u00e9der<\/a>\r\n                    <\/div>\r\n                <\/div>\r\n            <\/article>\r\n                    <article class=\"childpages col post-4599\">\r\n                <div class=\"childpages-contenu d-flex justify-content-between align-items-center\">\r\n                    <a href=\"https:\/\/inies-dev.armstrong.space\/en\/inies-for-building\/indoor-air-quality\/\">\r\n                        <h3 class=\"texte-inies-dark-blue\">Indoor air quality<\/h3>\r\n                    <\/a>\r\n                    <div class=\"\">\r\n                        <a href=\"https:\/\/inies-dev.armstrong.space\/en\/inies-for-building\/indoor-air-quality\/\" class=\"mx-5\">Acc\u00e9der<\/a>\r\n                    <\/div>\r\n                <\/div>\r\n            <\/article>\r\n            <\/div>\r\n<\/div>\n\t\t\t\t\t\t<\/div>\n\t\t\t\t<\/div>\n\t\t\t\t\t<\/div>\n\t\t<\/div>\n\t\t\t\t\t<\/div>\n\t\t<\/section>\n\t\t\t\t<\/div>\n\t\t","protected":false},"excerpt":{"rendered":"","protected":false},"author":1,"featured_media":2885,"parent":0,"menu_order":0,"comment_status":"closed","ping_status":"closed","template":"","meta":{"_acf_changed":false,"footnotes":""},"class_list":["post-4507","page","type-page","status-publish","has-post-thumbnail","hentry"],"acf":[],"yoast_head":"<!-- This site is optimized with the Yoast SEO plugin v26.9 - https:\/\/yoast.com\/product\/yoast-seo-wordpress\/ -->\n<title>INIES for building - Inies<\/title>\n<meta name=\"robots\" content=\"noindex, follow, max-snippet:-1, max-image-preview:large, max-video-preview:-1\" \/>\n<meta property=\"og:locale\" content=\"en_US\" \/>\n<meta property=\"og:type\" content=\"article\" \/>\n<meta property=\"og:title\" content=\"INIES for building - Inies\" \/>\n<meta property=\"og:url\" content=\"https:\/\/inies-dev.armstrong.space\/en\/inies-for-building\/\" \/>\n<meta property=\"og:site_name\" content=\"Inies\" \/>\n<meta property=\"article:modified_time\" content=\"2022-03-22T15:33:45+00:00\" \/>\n<meta property=\"og:image\" content=\"https:\/\/www.inies.fr\/wp-content\/uploads\/2021\/09\/CA-IMMOBILIER-PRIMA-LUCE-CQ-HE-BBC-EFFINERGIE-GENTILLY-94-53-coll-BL371-CB219-03.jpg\" \/>\n\t<meta property=\"og:image:width\" content=\"2000\" \/>\n\t<meta property=\"og:image:height\" content=\"1333\" \/>\n\t<meta property=\"og:image:type\" content=\"image\/jpeg\" \/>\n<meta name=\"twitter:card\" content=\"summary_large_image\" \/>\n<script type=\"application\/ld+json\" class=\"yoast-schema-graph\">{\"@context\":\"https:\/\/schema.org\",\"@graph\":[{\"@type\":\"WebPage\",\"@id\":\"https:\/\/inies-dev.armstrong.space\/en\/inies-for-building\/\",\"url\":\"https:\/\/inies-dev.armstrong.space\/en\/inies-for-building\/\",\"name\":\"INIES for building - Inies\",\"isPartOf\":{\"@id\":\"https:\/\/www.inies.fr\/#website\"},\"primaryImageOfPage\":{\"@id\":\"https:\/\/inies-dev.armstrong.space\/en\/inies-for-building\/#primaryimage\"},\"image\":{\"@id\":\"https:\/\/inies-dev.armstrong.space\/en\/inies-for-building\/#primaryimage\"},\"thumbnailUrl\":\"https:\/\/inies-dev.armstrong.space\/wp-content\/uploads\/2021\/09\/CA-IMMOBILIER-PRIMA-LUCE-CQ-HE-BBC-EFFINERGIE-GENTILLY-94-53-coll-BL371-CB219-03.jpg\",\"datePublished\":\"2022-03-22T15:33:44+00:00\",\"dateModified\":\"2022-03-22T15:33:45+00:00\",\"breadcrumb\":{\"@id\":\"https:\/\/inies-dev.armstrong.space\/en\/inies-for-building\/#breadcrumb\"},\"inLanguage\":\"en-US\",\"potentialAction\":[{\"@type\":\"ReadAction\",\"target\":[\"https:\/\/inies-dev.armstrong.space\/en\/inies-for-building\/\"]}]},{\"@type\":\"ImageObject\",\"inLanguage\":\"en-US\",\"@id\":\"https:\/\/inies-dev.armstrong.space\/en\/inies-for-building\/#primaryimage\",\"url\":\"https:\/\/inies-dev.armstrong.space\/wp-content\/uploads\/2021\/09\/CA-IMMOBILIER-PRIMA-LUCE-CQ-HE-BBC-EFFINERGIE-GENTILLY-94-53-coll-BL371-CB219-03.jpg\",\"contentUrl\":\"https:\/\/inies-dev.armstrong.space\/wp-content\/uploads\/2021\/09\/CA-IMMOBILIER-PRIMA-LUCE-CQ-HE-BBC-EFFINERGIE-GENTILLY-94-53-coll-BL371-CB219-03.jpg\",\"width\":2000,\"height\":1333,\"caption\":\"\uf0e0 CA IMMOBILIER PRIMA LUCE CQ-H&amp;E BBC EFFINERGIE GENTILLY (94)\"},{\"@type\":\"BreadcrumbList\",\"@id\":\"https:\/\/inies-dev.armstrong.space\/en\/inies-for-building\/#breadcrumb\",\"itemListElement\":[{\"@type\":\"ListItem\",\"position\":1,\"name\":\"Home\",\"item\":\"https:\/\/inies-dev.armstrong.space\/en\/\"},{\"@type\":\"ListItem\",\"position\":2,\"name\":\"INIES for building\"}]},{\"@type\":\"WebSite\",\"@id\":\"https:\/\/www.inies.fr\/#website\",\"url\":\"https:\/\/www.inies.fr\/\",\"name\":\"Inies\",\"description\":\"les donn\u00e9es environnementales et sanitaires de r\u00e9f\u00e9rence pour le b\u00e2timent et la RE2020\",\"publisher\":{\"@id\":\"https:\/\/www.inies.fr\/#organization\"},\"potentialAction\":[{\"@type\":\"SearchAction\",\"target\":{\"@type\":\"EntryPoint\",\"urlTemplate\":\"https:\/\/www.inies.fr\/?s={search_term_string}\"},\"query-input\":{\"@type\":\"PropertyValueSpecification\",\"valueRequired\":true,\"valueName\":\"search_term_string\"}}],\"inLanguage\":\"en-US\"},{\"@type\":\"Organization\",\"@id\":\"https:\/\/www.inies.fr\/#organization\",\"name\":\"Inies\",\"url\":\"https:\/\/www.inies.fr\/\",\"logo\":{\"@type\":\"ImageObject\",\"inLanguage\":\"en-US\",\"@id\":\"https:\/\/www.inies.fr\/#\/schema\/logo\/image\/\",\"url\":\"https:\/\/inies-dev.armstrong.space\/wp-content\/uploads\/2021\/05\/inies-logo.png\",\"contentUrl\":\"https:\/\/inies-dev.armstrong.space\/wp-content\/uploads\/2021\/05\/inies-logo.png\",\"width\":159,\"height\":83,\"caption\":\"Inies\"},\"image\":{\"@id\":\"https:\/\/www.inies.fr\/#\/schema\/logo\/image\/\"}}]}<\/script>\n<!-- \/ Yoast SEO plugin. -->","yoast_head_json":{"title":"INIES for building - Inies","robots":{"index":"noindex","follow":"follow","max-snippet":"max-snippet:-1","max-image-preview":"max-image-preview:large","max-video-preview":"max-video-preview:-1"},"og_locale":"en_US","og_type":"article","og_title":"INIES for building - Inies","og_url":"https:\/\/inies-dev.armstrong.space\/en\/inies-for-building\/","og_site_name":"Inies","article_modified_time":"2022-03-22T15:33:45+00:00","og_image":[{"width":2000,"height":1333,"url":"https:\/\/www.inies.fr\/wp-content\/uploads\/2021\/09\/CA-IMMOBILIER-PRIMA-LUCE-CQ-HE-BBC-EFFINERGIE-GENTILLY-94-53-coll-BL371-CB219-03.jpg","type":"image\/jpeg"}],"twitter_card":"summary_large_image","schema":{"@context":"https:\/\/schema.org","@graph":[{"@type":"WebPage","@id":"https:\/\/inies-dev.armstrong.space\/en\/inies-for-building\/","url":"https:\/\/inies-dev.armstrong.space\/en\/inies-for-building\/","name":"INIES for building - Inies","isPartOf":{"@id":"https:\/\/www.inies.fr\/#website"},"primaryImageOfPage":{"@id":"https:\/\/inies-dev.armstrong.space\/en\/inies-for-building\/#primaryimage"},"image":{"@id":"https:\/\/inies-dev.armstrong.space\/en\/inies-for-building\/#primaryimage"},"thumbnailUrl":"https:\/\/inies-dev.armstrong.space\/wp-content\/uploads\/2021\/09\/CA-IMMOBILIER-PRIMA-LUCE-CQ-HE-BBC-EFFINERGIE-GENTILLY-94-53-coll-BL371-CB219-03.jpg","datePublished":"2022-03-22T15:33:44+00:00","dateModified":"2022-03-22T15:33:45+00:00","breadcrumb":{"@id":"https:\/\/inies-dev.armstrong.space\/en\/inies-for-building\/#breadcrumb"},"inLanguage":"en-US","potentialAction":[{"@type":"ReadAction","target":["https:\/\/inies-dev.armstrong.space\/en\/inies-for-building\/"]}]},{"@type":"ImageObject","inLanguage":"en-US","@id":"https:\/\/inies-dev.armstrong.space\/en\/inies-for-building\/#primaryimage","url":"https:\/\/inies-dev.armstrong.space\/wp-content\/uploads\/2021\/09\/CA-IMMOBILIER-PRIMA-LUCE-CQ-HE-BBC-EFFINERGIE-GENTILLY-94-53-coll-BL371-CB219-03.jpg","contentUrl":"https:\/\/inies-dev.armstrong.space\/wp-content\/uploads\/2021\/09\/CA-IMMOBILIER-PRIMA-LUCE-CQ-HE-BBC-EFFINERGIE-GENTILLY-94-53-coll-BL371-CB219-03.jpg","width":2000,"height":1333,"caption":"\uf0e0 CA IMMOBILIER PRIMA LUCE CQ-H&amp;E BBC EFFINERGIE GENTILLY (94)"},{"@type":"BreadcrumbList","@id":"https:\/\/inies-dev.armstrong.space\/en\/inies-for-building\/#breadcrumb","itemListElement":[{"@type":"ListItem","position":1,"name":"Home","item":"https:\/\/inies-dev.armstrong.space\/en\/"},{"@type":"ListItem","position":2,"name":"INIES for building"}]},{"@type":"WebSite","@id":"https:\/\/www.inies.fr\/#website","url":"https:\/\/www.inies.fr\/","name":"Inies","description":"les donn\u00e9es environnementales et sanitaires de r\u00e9f\u00e9rence pour le b\u00e2timent et la RE2020","publisher":{"@id":"https:\/\/www.inies.fr\/#organization"},"potentialAction":[{"@type":"SearchAction","target":{"@type":"EntryPoint","urlTemplate":"https:\/\/www.inies.fr\/?s={search_term_string}"},"query-input":{"@type":"PropertyValueSpecification","valueRequired":true,"valueName":"search_term_string"}}],"inLanguage":"en-US"},{"@type":"Organization","@id":"https:\/\/www.inies.fr\/#organization","name":"Inies","url":"https:\/\/www.inies.fr\/","logo":{"@type":"ImageObject","inLanguage":"en-US","@id":"https:\/\/www.inies.fr\/#\/schema\/logo\/image\/","url":"https:\/\/inies-dev.armstrong.space\/wp-content\/uploads\/2021\/05\/inies-logo.png","contentUrl":"https:\/\/inies-dev.armstrong.space\/wp-content\/uploads\/2021\/05\/inies-logo.png","width":159,"height":83,"caption":"Inies"},"image":{"@id":"https:\/\/www.inies.fr\/#\/schema\/logo\/image\/"}}]}},"_links":{"self":[{"href":"https:\/\/inies-dev.armstrong.space\/en\/wp-json\/wp\/v2\/pages\/4507","targetHints":{"allow":["GET"]}}],"collection":[{"href":"https:\/\/inies-dev.armstrong.space\/en\/wp-json\/wp\/v2\/pages"}],"about":[{"href":"https:\/\/inies-dev.armstrong.space\/en\/wp-json\/wp\/v2\/types\/page"}],"author":[{"embeddable":true,"href":"https:\/\/inies-dev.armstrong.space\/en\/wp-json\/wp\/v2\/users\/1"}],"replies":[{"embeddable":true,"href":"https:\/\/inies-dev.armstrong.space\/en\/wp-json\/wp\/v2\/comments?post=4507"}],"version-history":[{"count":1,"href":"https:\/\/inies-dev.armstrong.space\/en\/wp-json\/wp\/v2\/pages\/4507\/revisions"}],"predecessor-version":[{"id":4508,"href":"https:\/\/inies-dev.armstrong.space\/en\/wp-json\/wp\/v2\/pages\/4507\/revisions\/4508"}],"wp:featuredmedia":[{"embeddable":true,"href":"https:\/\/inies-dev.armstrong.space\/en\/wp-json\/wp\/v2\/media\/2885"}],"wp:attachment":[{"href":"https:\/\/inies-dev.armstrong.space\/en\/wp-json\/wp\/v2\/media?parent=4507"}],"curies":[{"name":"wp","href":"https:\/\/api.w.org\/{rel}","templated":true}]}}