{"id":23794,"date":"2023-03-02T11:25:28","date_gmt":"2023-03-02T10:25:28","guid":{"rendered":"https:\/\/www.inies.fr\/ressources-documentaires\/espace-presse\/"},"modified":"2023-03-02T11:25:34","modified_gmt":"2023-03-02T10:25:34","slug":"espace-presse","status":"publish","type":"page","link":"https:\/\/inies-dev.armstrong.space\/en\/ressources-documentaires\/espace-presse\/","title":{"rendered":"Espace presse"},"content":{"rendered":"\t\t<div data-elementor-type=\"wp-page\" data-elementor-id=\"23794\" class=\"elementor elementor-23794 elementor-771\" data-elementor-post-type=\"page\">\n\t\t\t\t\t\t<section class=\"elementor-section elementor-top-section elementor-element elementor-element-137c4c7a elementor-section-boxed elementor-section-height-default elementor-section-height-default\" data-id=\"137c4c7a\" data-element_type=\"section\" data-e-type=\"section\" data-settings=\"{&quot;background_background&quot;:&quot;classic&quot;}\">\n\t\t\t\t\t\t\t<div class=\"elementor-background-overlay\"><\/div>\n\t\t\t\t\t\t\t<div class=\"elementor-container elementor-column-gap-default\">\n\t\t\t\t\t<div class=\"elementor-column elementor-col-100 elementor-top-column elementor-element elementor-element-7677ecdc\" data-id=\"7677ecdc\" data-element_type=\"column\" data-e-type=\"column\">\n\t\t\t<div class=\"elementor-widget-wrap elementor-element-populated\">\n\t\t\t\t\t\t<div class=\"elementor-element elementor-element-19b0deec elementor-widget elementor-widget-theme-post-title elementor-page-title elementor-widget-heading\" data-id=\"19b0deec\" data-element_type=\"widget\" data-e-type=\"widget\" data-widget_type=\"theme-post-title.default\">\n\t\t\t\t<div class=\"elementor-widget-container\">\n\t\t\t\t\t<h1 class=\"elementor-heading-title elementor-size-default\">Espace presse<\/h1>\t\t\t\t<\/div>\n\t\t\t\t<\/div>\n\t\t\t\t<div class=\"elementor-element elementor-element-26b76db elementor-widget elementor-widget-text-editor\" data-id=\"26b76db\" data-element_type=\"widget\" data-e-type=\"widget\" data-widget_type=\"text-editor.default\">\n\t\t\t\t<div class=\"elementor-widget-container\">\n\t\t\t\t\t\t\t\t\t<p>Retrouvez sur cette page tous nos communiqu\u00e9s de presse et vos contacts presse<\/p>\n\t\t\t\t\t\t\t\t<\/div>\n\t\t\t\t<\/div>\n\t\t\t\t\t<\/div>\n\t\t<\/div>\n\t\t\t\t\t<\/div>\n\t\t<\/section>\n\t\t\t\t<section class=\"elementor-section elementor-top-section elementor-element elementor-element-7461ebdd elementor-section-boxed elementor-section-height-default elementor-section-height-default\" data-id=\"7461ebdd\" data-element_type=\"section\" data-e-type=\"section\">\n\t\t\t\t\t\t<div class=\"elementor-container elementor-column-gap-default\">\n\t\t\t\t\t<div class=\"elementor-column elementor-col-100 elementor-top-column elementor-element elementor-element-5b44d57b\" data-id=\"5b44d57b\" data-element_type=\"column\" data-e-type=\"column\">\n\t\t\t<div class=\"elementor-widget-wrap\">\n\t\t\t\t\t\t\t<\/div>\n\t\t<\/div>\n\t\t\t\t\t<\/div>\n\t\t<\/section>\n\t\t\t\t<section class=\"elementor-section elementor-top-section elementor-element elementor-element-53c0493 elementor-section-boxed elementor-section-height-default elementor-section-height-default\" data-id=\"53c0493\" data-element_type=\"section\" data-e-type=\"section\">\n\t\t\t\t\t\t<div class=\"elementor-container elementor-column-gap-default\">\n\t\t\t\t\t<div class=\"elementor-column elementor-col-100 elementor-top-column elementor-element elementor-element-c241371\" data-id=\"c241371\" data-element_type=\"column\" data-e-type=\"column\">\n\t\t\t<div class=\"elementor-widget-wrap elementor-element-populated\">\n\t\t\t\t\t\t<div class=\"elementor-element elementor-element-26f8316 elementor-widget elementor-widget-heading\" data-id=\"26f8316\" data-element_type=\"widget\" data-e-type=\"widget\" data-widget_type=\"heading.default\">\n\t\t\t\t<div class=\"elementor-widget-container\">\n\t\t\t\t\t<h3 class=\"elementor-heading-title elementor-size-default\">Communiqu\u00e9s de presse<\/h3>\t\t\t\t<\/div>\n\t\t\t\t<\/div>\n\t\t\t\t<div class=\"elementor-element elementor-element-b6ed8bb elementor-widget elementor-widget-shortcode\" data-id=\"b6ed8bb\" data-element_type=\"widget\" data-e-type=\"widget\" data-widget_type=\"shortcode.default\">\n\t\t\t\t<div class=\"elementor-widget-container\">\n\t\t\t\t\t\t\t<div class=\"elementor-shortcode\"><\/div>\n\t\t\t\t\t\t<\/div>\n\t\t\t\t<\/div>\n\t\t\t\t\t<\/div>\n\t\t<\/div>\n\t\t\t\t\t<\/div>\n\t\t<\/section>\n\t\t\t\t<section class=\"elementor-section elementor-top-section elementor-element elementor-element-c68b3e7 elementor-section-boxed elementor-section-height-default elementor-section-height-default\" data-id=\"c68b3e7\" data-element_type=\"section\" data-e-type=\"section\">\n\t\t\t\t\t\t<div class=\"elementor-container elementor-column-gap-default\">\n\t\t\t\t\t<div class=\"elementor-column elementor-col-100 elementor-top-column elementor-element elementor-element-2bbe47b\" data-id=\"2bbe47b\" data-element_type=\"column\" data-e-type=\"column\">\n\t\t\t<div class=\"elementor-widget-wrap elementor-element-populated\">\n\t\t\t\t\t\t<div class=\"elementor-element elementor-element-6194191 elementor-widget elementor-widget-heading\" data-id=\"6194191\" data-element_type=\"widget\" data-e-type=\"widget\" data-widget_type=\"heading.default\">\n\t\t\t\t<div class=\"elementor-widget-container\">\n\t\t\t\t\t<h3 class=\"elementor-heading-title elementor-size-default\">Vos interlocuteurs<\/h3>\t\t\t\t<\/div>\n\t\t\t\t<\/div>\n\t\t\t\t<div class=\"elementor-element elementor-element-f0334dc elementor-widget elementor-widget-shortcode\" data-id=\"f0334dc\" data-element_type=\"widget\" data-e-type=\"widget\" data-widget_type=\"shortcode.default\">\n\t\t\t\t<div class=\"elementor-widget-container\">\n\t\t\t\t\t\t\t<div class=\"elementor-shortcode\"><div class=\"d-flex justify-content-around flex-wrap\">\n    \n        \t<article id=\"post-1596\" class=\"contact-presse post-23794 page type-page status-publish has-post-thumbnail hentry\">\n                            <h3 class=\"texte-inies-dark-blue\">Laurence Bachelot<\/h3>\n                            <h4>CLC Communications<\/h4>\n                            <a href=\"\" class=\"tel\">01 42 93 04 04<\/a>\n                            <a href=\"\" class=\"tel\"><\/a>\n                            <a href=\"mailto:l.bachelot@clccom.com\" class=\"btn email\">Lui \u00e9crire<\/a>\n                <\/article>\n       \n    \n        \t<article id=\"post-1598\" class=\"contact-presse post-23794 page type-page status-publish has-post-thumbnail hentry\">\n                            <h3 class=\"texte-inies-dark-blue\">Gilles Senneville<\/h3>\n                            <h4>CLC Communications<\/h4>\n                            <a href=\"\" class=\"tel\">01 42 93 04 04<\/a>\n                            <a href=\"\" class=\"tel\"><\/a>\n                            <a href=\"mailto:g.senneville@clccom.com\" class=\"btn email\">Lui \u00e9crire<\/a>\n                <\/article>\n       \n    \n        \t<article id=\"post-10569\" class=\"contact-presse post-23794 page type-page status-publish has-post-thumbnail hentry\">\n                            <h3 class=\"texte-inies-dark-blue\">Estelle R\u00e9veillard<\/h3>\n                            <h4>Alliance HQE-GBC<\/h4>\n                            <a href=\"\" class=\"tel\"><\/a>\n                            <a href=\"\" class=\"tel\"><\/a>\n                            <a href=\"mailto:ereveillard@hqegbc.org\" class=\"btn email\">Lui \u00e9crire<\/a>\n                <\/article>\n       \n        <\/div>\n    <\/div>\n\t\t\t\t\t\t<\/div>\n\t\t\t\t<\/div>\n\t\t\t\t\t<\/div>\n\t\t<\/div>\n\t\t\t\t\t<\/div>\n\t\t<\/section>\n\t\t\t\t<section class=\"elementor-section elementor-top-section elementor-element elementor-element-a82fb45 elementor-section-boxed elementor-section-height-default elementor-section-height-default\" data-id=\"a82fb45\" data-element_type=\"section\" data-e-type=\"section\">\n\t\t\t\t\t\t<div class=\"elementor-container elementor-column-gap-default\">\n\t\t\t\t\t<div class=\"elementor-column elementor-col-100 elementor-top-column elementor-element elementor-element-722a835\" data-id=\"722a835\" data-element_type=\"column\" data-e-type=\"column\">\n\t\t\t<div class=\"elementor-widget-wrap elementor-element-populated\">\n\t\t\t\t\t\t<div class=\"elementor-element elementor-element-7124c55 elementor-widget elementor-widget-heading\" data-id=\"7124c55\" data-element_type=\"widget\" data-e-type=\"widget\" data-widget_type=\"heading.default\">\n\t\t\t\t<div class=\"elementor-widget-container\">\n\t\t\t\t\t<h3 class=\"elementor-heading-title elementor-size-default\">Nos dossiers th\u00e9matiques<\/h3>\t\t\t\t<\/div>\n\t\t\t\t<\/div>\n\t\t\t\t<div class=\"elementor-element elementor-element-bef7e57 elementor-widget elementor-widget-text-editor\" data-id=\"bef7e57\" data-element_type=\"widget\" data-e-type=\"widget\" data-widget_type=\"text-editor.default\">\n\t\t\t\t<div class=\"elementor-widget-container\">\n\t\t\t\t\t\t\t\t\t<p>Lorem ipsum dolor sit amet, consetetur sadipscing elitr, sed diam nonumy eirmod tempor invidunt ut labore et dolore magna aliquyam erat, sed diam voluptua. At vero eos et accusam et justo duo dolores et ea rebum. Stet clita kasd gubergren, no sea takimata sanctus est Lorem ipsum dolor sit amet. Lorem ipsum dolor sit amet, consetetur sadipscing elitr, sed diam nonumy eirmod tempor invidunt ut labore et dolore magna aliquyam erat, sed diam voluptua. At vero eos et accusam et justo duo dolores et ea rebum. Stet clita kasd gubergren, no sea takimata sanctus est Lorem ipsum dolor sit amet.<\/p>\n\t\t\t\t\t\t\t\t<\/div>\n\t\t\t\t<\/div>\n\t\t\t\t<div class=\"elementor-element elementor-element-70fafa0 elementor-align-center elementor-widget elementor-widget-button\" data-id=\"70fafa0\" data-element_type=\"widget\" data-e-type=\"widget\" data-widget_type=\"button.default\">\n\t\t\t\t<div class=\"elementor-widget-container\">\n\t\t\t\t\t\t\t\t\t<div class=\"elementor-button-wrapper\">\n\t\t\t\t\t<a class=\"elementor-button elementor-button-link elementor-size-sm\" href=\"#\">\n\t\t\t\t\t\t<span class=\"elementor-button-content-wrapper\">\n\t\t\t\t\t\t\t\t\t<span class=\"elementor-button-text\">Voir plus de dossiers<\/span>\n\t\t\t\t\t<\/span>\n\t\t\t\t\t<\/a>\n\t\t\t\t<\/div>\n\t\t\t\t\t\t\t\t<\/div>\n\t\t\t\t<\/div>\n\t\t\t\t\t<\/div>\n\t\t<\/div>\n\t\t\t\t\t<\/div>\n\t\t<\/section>\n\t\t\t\t<\/div>\n\t\t","protected":false},"excerpt":{"rendered":"<p>Retrouvez sur cette page tous nos communiqu\u00e9s de presse et vos contacts presse Communiqu\u00e9s de [&hellip;]<\/p>\n","protected":false},"author":1,"featured_media":3055,"parent":23682,"menu_order":0,"comment_status":"closed","ping_status":"closed","template":"","meta":{"_acf_changed":false,"footnotes":""},"class_list":["post-23794","page","type-page","status-publish","has-post-thumbnail","hentry"],"acf":[],"yoast_head":"<!-- This site is optimized with the Yoast SEO plugin v26.9 - https:\/\/yoast.com\/product\/yoast-seo-wordpress\/ -->\n<title>Espace presse - Inies<\/title>\n<meta name=\"description\" content=\"Retrouvez sur cette page tous les communiqu\u00e9s de presse et contacts presse d&#039;INIES\" \/>\n<meta name=\"robots\" content=\"noindex, follow, max-snippet:-1, max-image-preview:large, max-video-preview:-1\" \/>\n<meta property=\"og:locale\" content=\"en_US\" \/>\n<meta property=\"og:type\" content=\"article\" \/>\n<meta property=\"og:title\" content=\"Espace presse - Inies\" \/>\n<meta property=\"og:description\" content=\"Retrouvez sur cette page tous les communiqu\u00e9s de presse et contacts presse d&#039;INIES\" \/>\n<meta property=\"og:url\" content=\"https:\/\/inies-dev.armstrong.space\/en\/ressources-documentaires\/espace-presse\/\" \/>\n<meta property=\"og:site_name\" content=\"Inies\" \/>\n<meta property=\"article:modified_time\" content=\"2023-03-02T10:25:34+00:00\" \/>\n<meta property=\"og:image\" content=\"https:\/\/www.inies.fr\/wp-content\/uploads\/2021\/06\/Actualite-espace-presse-1.jpg\" \/>\n<meta name=\"twitter:card\" content=\"summary_large_image\" \/>\n<meta name=\"twitter:title\" content=\"Espace presse - Inies\" \/>\n<meta name=\"twitter:description\" content=\"Retrouvez sur cette page tous les communiqu\u00e9s de presse et contacts presse d&#039;INIES\" \/>\n<meta name=\"twitter:image\" content=\"https:\/\/www.inies.fr\/wp-content\/uploads\/2021\/06\/Actualite-espace-presse-1.jpg\" \/>\n<meta name=\"twitter:label1\" content=\"Est. reading time\" \/>\n\t<meta name=\"twitter:data1\" content=\"1 minute\" \/>\n<script type=\"application\/ld+json\" class=\"yoast-schema-graph\">{\"@context\":\"https:\/\/schema.org\",\"@graph\":[{\"@type\":\"WebPage\",\"@id\":\"https:\/\/inies-dev.armstrong.space\/en\/ressources-documentaires\/espace-presse\/\",\"url\":\"https:\/\/inies-dev.armstrong.space\/en\/ressources-documentaires\/espace-presse\/\",\"name\":\"Espace presse - Inies\",\"isPartOf\":{\"@id\":\"https:\/\/www.inies.fr\/#website\"},\"primaryImageOfPage\":{\"@id\":\"https:\/\/inies-dev.armstrong.space\/en\/ressources-documentaires\/espace-presse\/#primaryimage\"},\"image\":{\"@id\":\"https:\/\/inies-dev.armstrong.space\/en\/ressources-documentaires\/espace-presse\/#primaryimage\"},\"thumbnailUrl\":\"https:\/\/inies-dev.armstrong.space\/wp-content\/uploads\/2021\/06\/Actualite-espace-presse-1.jpg\",\"datePublished\":\"2023-03-02T10:25:28+00:00\",\"dateModified\":\"2023-03-02T10:25:34+00:00\",\"description\":\"Retrouvez sur cette page tous les communiqu\u00e9s de presse et contacts presse d'INIES\",\"breadcrumb\":{\"@id\":\"https:\/\/inies-dev.armstrong.space\/en\/ressources-documentaires\/espace-presse\/#breadcrumb\"},\"inLanguage\":\"en-US\",\"potentialAction\":[{\"@type\":\"ReadAction\",\"target\":[\"https:\/\/inies-dev.armstrong.space\/en\/ressources-documentaires\/espace-presse\/\"]}]},{\"@type\":\"ImageObject\",\"inLanguage\":\"en-US\",\"@id\":\"https:\/\/inies-dev.armstrong.space\/en\/ressources-documentaires\/espace-presse\/#primaryimage\",\"url\":\"https:\/\/inies-dev.armstrong.space\/wp-content\/uploads\/2021\/06\/Actualite-espace-presse-1.jpg\",\"contentUrl\":\"https:\/\/inies-dev.armstrong.space\/wp-content\/uploads\/2021\/06\/Actualite-espace-presse-1.jpg\",\"width\":1996,\"height\":986,\"caption\":\"Actualit\u00e9 espace presse\"},{\"@type\":\"BreadcrumbList\",\"@id\":\"https:\/\/inies-dev.armstrong.space\/en\/ressources-documentaires\/espace-presse\/#breadcrumb\",\"itemListElement\":[{\"@type\":\"ListItem\",\"position\":1,\"name\":\"Home\",\"item\":\"https:\/\/inies-dev.armstrong.space\/en\/\"},{\"@type\":\"ListItem\",\"position\":2,\"name\":\"Documentary resources\",\"item\":\"https:\/\/www.inies.fr\/en\/ressources-documentaires\/\"},{\"@type\":\"ListItem\",\"position\":3,\"name\":\"Espace presse\"}]},{\"@type\":\"WebSite\",\"@id\":\"https:\/\/www.inies.fr\/#website\",\"url\":\"https:\/\/www.inies.fr\/\",\"name\":\"Inies\",\"description\":\"les donn\u00e9es environnementales et sanitaires de r\u00e9f\u00e9rence pour le b\u00e2timent et la RE2020\",\"publisher\":{\"@id\":\"https:\/\/www.inies.fr\/#organization\"},\"potentialAction\":[{\"@type\":\"SearchAction\",\"target\":{\"@type\":\"EntryPoint\",\"urlTemplate\":\"https:\/\/www.inies.fr\/?s={search_term_string}\"},\"query-input\":{\"@type\":\"PropertyValueSpecification\",\"valueRequired\":true,\"valueName\":\"search_term_string\"}}],\"inLanguage\":\"en-US\"},{\"@type\":\"Organization\",\"@id\":\"https:\/\/www.inies.fr\/#organization\",\"name\":\"Inies\",\"url\":\"https:\/\/www.inies.fr\/\",\"logo\":{\"@type\":\"ImageObject\",\"inLanguage\":\"en-US\",\"@id\":\"https:\/\/www.inies.fr\/#\/schema\/logo\/image\/\",\"url\":\"https:\/\/inies-dev.armstrong.space\/wp-content\/uploads\/2021\/05\/inies-logo.png\",\"contentUrl\":\"https:\/\/inies-dev.armstrong.space\/wp-content\/uploads\/2021\/05\/inies-logo.png\",\"width\":159,\"height\":83,\"caption\":\"Inies\"},\"image\":{\"@id\":\"https:\/\/www.inies.fr\/#\/schema\/logo\/image\/\"}}]}<\/script>\n<!-- \/ Yoast SEO plugin. -->","yoast_head_json":{"title":"Espace presse - Inies","description":"Retrouvez sur cette page tous les communiqu\u00e9s de presse et contacts presse d'INIES","robots":{"index":"noindex","follow":"follow","max-snippet":"max-snippet:-1","max-image-preview":"max-image-preview:large","max-video-preview":"max-video-preview:-1"},"og_locale":"en_US","og_type":"article","og_title":"Espace presse - Inies","og_description":"Retrouvez sur cette page tous les communiqu\u00e9s de presse et contacts presse d'INIES","og_url":"https:\/\/inies-dev.armstrong.space\/en\/ressources-documentaires\/espace-presse\/","og_site_name":"Inies","article_modified_time":"2023-03-02T10:25:34+00:00","og_image":[{"url":"https:\/\/www.inies.fr\/wp-content\/uploads\/2021\/06\/Actualite-espace-presse-1.jpg","type":"","width":"","height":""}],"twitter_card":"summary_large_image","twitter_title":"Espace presse - Inies","twitter_description":"Retrouvez sur cette page tous les communiqu\u00e9s de presse et contacts presse d'INIES","twitter_image":"https:\/\/www.inies.fr\/wp-content\/uploads\/2021\/06\/Actualite-espace-presse-1.jpg","twitter_misc":{"Est. reading time":"1 minute"},"schema":{"@context":"https:\/\/schema.org","@graph":[{"@type":"WebPage","@id":"https:\/\/inies-dev.armstrong.space\/en\/ressources-documentaires\/espace-presse\/","url":"https:\/\/inies-dev.armstrong.space\/en\/ressources-documentaires\/espace-presse\/","name":"Espace presse - Inies","isPartOf":{"@id":"https:\/\/www.inies.fr\/#website"},"primaryImageOfPage":{"@id":"https:\/\/inies-dev.armstrong.space\/en\/ressources-documentaires\/espace-presse\/#primaryimage"},"image":{"@id":"https:\/\/inies-dev.armstrong.space\/en\/ressources-documentaires\/espace-presse\/#primaryimage"},"thumbnailUrl":"https:\/\/inies-dev.armstrong.space\/wp-content\/uploads\/2021\/06\/Actualite-espace-presse-1.jpg","datePublished":"2023-03-02T10:25:28+00:00","dateModified":"2023-03-02T10:25:34+00:00","description":"Retrouvez sur cette page tous les communiqu\u00e9s de presse et contacts presse d'INIES","breadcrumb":{"@id":"https:\/\/inies-dev.armstrong.space\/en\/ressources-documentaires\/espace-presse\/#breadcrumb"},"inLanguage":"en-US","potentialAction":[{"@type":"ReadAction","target":["https:\/\/inies-dev.armstrong.space\/en\/ressources-documentaires\/espace-presse\/"]}]},{"@type":"ImageObject","inLanguage":"en-US","@id":"https:\/\/inies-dev.armstrong.space\/en\/ressources-documentaires\/espace-presse\/#primaryimage","url":"https:\/\/inies-dev.armstrong.space\/wp-content\/uploads\/2021\/06\/Actualite-espace-presse-1.jpg","contentUrl":"https:\/\/inies-dev.armstrong.space\/wp-content\/uploads\/2021\/06\/Actualite-espace-presse-1.jpg","width":1996,"height":986,"caption":"Actualit\u00e9 espace presse"},{"@type":"BreadcrumbList","@id":"https:\/\/inies-dev.armstrong.space\/en\/ressources-documentaires\/espace-presse\/#breadcrumb","itemListElement":[{"@type":"ListItem","position":1,"name":"Home","item":"https:\/\/inies-dev.armstrong.space\/en\/"},{"@type":"ListItem","position":2,"name":"Documentary resources","item":"https:\/\/www.inies.fr\/en\/ressources-documentaires\/"},{"@type":"ListItem","position":3,"name":"Espace presse"}]},{"@type":"WebSite","@id":"https:\/\/www.inies.fr\/#website","url":"https:\/\/www.inies.fr\/","name":"Inies","description":"les donn\u00e9es environnementales et sanitaires de r\u00e9f\u00e9rence pour le b\u00e2timent et la RE2020","publisher":{"@id":"https:\/\/www.inies.fr\/#organization"},"potentialAction":[{"@type":"SearchAction","target":{"@type":"EntryPoint","urlTemplate":"https:\/\/www.inies.fr\/?s={search_term_string}"},"query-input":{"@type":"PropertyValueSpecification","valueRequired":true,"valueName":"search_term_string"}}],"inLanguage":"en-US"},{"@type":"Organization","@id":"https:\/\/www.inies.fr\/#organization","name":"Inies","url":"https:\/\/www.inies.fr\/","logo":{"@type":"ImageObject","inLanguage":"en-US","@id":"https:\/\/www.inies.fr\/#\/schema\/logo\/image\/","url":"https:\/\/inies-dev.armstrong.space\/wp-content\/uploads\/2021\/05\/inies-logo.png","contentUrl":"https:\/\/inies-dev.armstrong.space\/wp-content\/uploads\/2021\/05\/inies-logo.png","width":159,"height":83,"caption":"Inies"},"image":{"@id":"https:\/\/www.inies.fr\/#\/schema\/logo\/image\/"}}]}},"_links":{"self":[{"href":"https:\/\/inies-dev.armstrong.space\/en\/wp-json\/wp\/v2\/pages\/23794","targetHints":{"allow":["GET"]}}],"collection":[{"href":"https:\/\/inies-dev.armstrong.space\/en\/wp-json\/wp\/v2\/pages"}],"about":[{"href":"https:\/\/inies-dev.armstrong.space\/en\/wp-json\/wp\/v2\/types\/page"}],"author":[{"embeddable":true,"href":"https:\/\/inies-dev.armstrong.space\/en\/wp-json\/wp\/v2\/users\/1"}],"replies":[{"embeddable":true,"href":"https:\/\/inies-dev.armstrong.space\/en\/wp-json\/wp\/v2\/comments?post=23794"}],"version-history":[{"count":3,"href":"https:\/\/inies-dev.armstrong.space\/en\/wp-json\/wp\/v2\/pages\/23794\/revisions"}],"predecessor-version":[{"id":23797,"href":"https:\/\/inies-dev.armstrong.space\/en\/wp-json\/wp\/v2\/pages\/23794\/revisions\/23797"}],"up":[{"embeddable":true,"href":"https:\/\/inies-dev.armstrong.space\/en\/wp-json\/wp\/v2\/pages\/23682"}],"wp:featuredmedia":[{"embeddable":true,"href":"https:\/\/inies-dev.armstrong.space\/en\/wp-json\/wp\/v2\/media\/3055"}],"wp:attachment":[{"href":"https:\/\/inies-dev.armstrong.space\/en\/wp-json\/wp\/v2\/media?parent=23794"}],"curies":[{"name":"wp","href":"https:\/\/api.w.org\/{rel}","templated":true}]}}