{"id":23682,"date":"2021-05-31T16:12:38","date_gmt":"2021-05-31T14:12:38","guid":{"rendered":"https:\/\/www.inies.fr\/ressources-documentaires\/"},"modified":"2023-02-28T12:31:33","modified_gmt":"2023-02-28T11:31:33","slug":"ressources-documentaires","status":"publish","type":"page","link":"https:\/\/inies-dev.armstrong.space\/en\/ressources-documentaires\/","title":{"rendered":"Documentary resources"},"content":{"rendered":"\t\t<div data-elementor-type=\"wp-page\" data-elementor-id=\"23682\" class=\"elementor elementor-23682 elementor-330\" data-elementor-post-type=\"page\">\n\t\t\t\t\t\t<section class=\"elementor-section elementor-top-section elementor-element elementor-element-66c15e6 elementor-section-boxed elementor-section-height-default elementor-section-height-default\" data-id=\"66c15e6\" data-element_type=\"section\" data-e-type=\"section\" data-settings=\"{&quot;background_background&quot;:&quot;classic&quot;}\">\n\t\t\t\t\t\t\t<div class=\"elementor-background-overlay\"><\/div>\n\t\t\t\t\t\t\t<div class=\"elementor-container elementor-column-gap-default\">\n\t\t\t\t\t<div class=\"elementor-column elementor-col-100 elementor-top-column elementor-element elementor-element-2b804b9\" data-id=\"2b804b9\" data-element_type=\"column\" data-e-type=\"column\">\n\t\t\t<div class=\"elementor-widget-wrap elementor-element-populated\">\n\t\t\t\t\t\t<div class=\"elementor-element elementor-element-44ec210 elementor-widget elementor-widget-theme-post-title elementor-page-title elementor-widget-heading\" data-id=\"44ec210\" data-element_type=\"widget\" data-e-type=\"widget\" data-widget_type=\"theme-post-title.default\">\n\t\t\t\t<div class=\"elementor-widget-container\">\n\t\t\t\t\t<h1 class=\"elementor-heading-title elementor-size-default\">Documentary resources<\/h1>\t\t\t\t<\/div>\n\t\t\t\t<\/div>\n\t\t\t\t<div class=\"elementor-element elementor-element-bc66ae2 elementor-widget elementor-widget-text-editor\" data-id=\"bc66ae2\" data-element_type=\"widget\" data-e-type=\"widget\" data-widget_type=\"text-editor.default\">\n\t\t\t\t<div class=\"elementor-widget-container\">\n\t\t\t\t\t\t\t\t\t<p class=\"resume\">Find all useful documents: from information brochures to technical documents of the Base.<\/p>\t\t\t\t\t\t\t\t<\/div>\n\t\t\t\t<\/div>\n\t\t\t\t\t<\/div>\n\t\t<\/div>\n\t\t\t\t\t<\/div>\n\t\t<\/section>\n\t\t\t\t<section class=\"elementor-section elementor-top-section elementor-element elementor-element-e0d581b elementor-section-boxed elementor-section-height-default elementor-section-height-default\" data-id=\"e0d581b\" data-element_type=\"section\" data-e-type=\"section\">\n\t\t\t\t\t\t<div class=\"elementor-container elementor-column-gap-default\">\n\t\t\t\t\t<div class=\"elementor-column elementor-col-100 elementor-top-column elementor-element elementor-element-ae46297\" data-id=\"ae46297\" data-element_type=\"column\" data-e-type=\"column\">\n\t\t\t<div class=\"elementor-widget-wrap elementor-element-populated\">\n\t\t\t\t\t\t<div class=\"elementor-element elementor-element-6821304 elementor-widget elementor-widget-breadcrumbs\" data-id=\"6821304\" data-element_type=\"widget\" data-e-type=\"widget\" data-widget_type=\"breadcrumbs.default\">\n\t\t\t\t<div class=\"elementor-widget-container\">\n\t\t\t\t\t<p id=\"breadcrumbs\"><span><span><a href=\"https:\/\/inies-dev.armstrong.space\/en\/\">Home<\/a><\/span><\/span><\/p>\t\t\t\t<\/div>\n\t\t\t\t<\/div>\n\t\t\t\t\t<\/div>\n\t\t<\/div>\n\t\t\t\t\t<\/div>\n\t\t<\/section>\n\t\t\t\t<section class=\"elementor-section elementor-top-section elementor-element elementor-element-1ab9f42 elementor-section-boxed elementor-section-height-default elementor-section-height-default\" data-id=\"1ab9f42\" data-element_type=\"section\" data-e-type=\"section\">\n\t\t\t\t\t\t<div class=\"elementor-container elementor-column-gap-default\">\n\t\t\t\t\t<div class=\"elementor-column elementor-col-100 elementor-top-column elementor-element elementor-element-f7dc4ec\" data-id=\"f7dc4ec\" data-element_type=\"column\" data-e-type=\"column\">\n\t\t\t<div class=\"elementor-widget-wrap elementor-element-populated\">\n\t\t\t\t\t\t<div class=\"elementor-element elementor-element-98016ce elementor-widget elementor-widget-heading\" data-id=\"98016ce\" data-element_type=\"widget\" data-e-type=\"widget\" data-widget_type=\"heading.default\">\n\t\t\t\t<div class=\"elementor-widget-container\">\n\t\t\t\t\t<h3 class=\"elementor-heading-title elementor-size-default\">Your search<\/h3>\t\t\t\t<\/div>\n\t\t\t\t<\/div>\n\t\t\t\t<div class=\"elementor-element elementor-element-709085e elementor-widget elementor-widget-shortcode\" data-id=\"709085e\" data-element_type=\"widget\" data-e-type=\"widget\" data-widget_type=\"shortcode.default\">\n\t\t\t\t<div class=\"elementor-widget-container\">\n\t\t\t\t\t\t\t<div class=\"elementor-shortcode\"><form id=\"searchform-ressource\" method=\"get\" action=\"https:\/\/inies-dev.armstrong.space\/en\/\">\n    <input type=\"hidden\" name=\"post_type\" value=\"ressource\">\n    <input type=\"text\" class=\"search-field\" name=\"s\" placeholder=\"Enter your search\" value=\"\">\n    <select name=\"thematiques_ressources\" class=\"thematique-filtre\">\n        <option hidden=\"true\">Thematic<\/option>\n        <option value=\"\">All thematics<\/option>\n        \n            <option value=\"actualites\">Actualit\u00e9s<\/option>\n        \n            <option value=\"inies-database-governance-and-strategic-orientations\">INIES database: governance and strategic orientations<\/option>\n        \n            <option value=\"programme-de-verification-inies-en\">INIES verification programme<\/option>\n        \n            <option value=\"lien-a-linternational-en\">International<\/option>\n        \n            <option value=\"pep-ecopassport-programme\">PEP ecopassport\u00ae programme<\/option>\n        \n            <option value=\"publications\">Publications<\/option>\n        \n            <option value=\"regulations-and-standards\">Regulations and standards<\/option>\n        \n            <option value=\"submitting-environmental-and-health-declarations\">Submitting environmental and health declarations<\/option>\n        \n            <option value=\"useful-data-for-the-building\">Useful data for the building<\/option>\n        \n            <option value=\"webservice-en\">Webservice<\/option>\n            <\/select>\n    <input type=\"submit\" value=\"Launch search\" class=\"submit\">\n<\/form><\/div>\n\t\t\t\t\t\t<\/div>\n\t\t\t\t<\/div>\n\t\t\t\t\t<\/div>\n\t\t<\/div>\n\t\t\t\t\t<\/div>\n\t\t<\/section>\n\t\t\t\t<section class=\"elementor-section elementor-top-section elementor-element elementor-element-f271b1e elementor-section-boxed elementor-section-height-default elementor-section-height-default\" data-id=\"f271b1e\" data-element_type=\"section\" data-e-type=\"section\" data-settings=\"{&quot;background_background&quot;:&quot;classic&quot;}\">\n\t\t\t\t\t\t<div class=\"elementor-container elementor-column-gap-default\">\n\t\t\t\t\t<div class=\"elementor-column elementor-col-100 elementor-top-column elementor-element elementor-element-89a7d18\" data-id=\"89a7d18\" data-element_type=\"column\" data-e-type=\"column\">\n\t\t\t<div class=\"elementor-widget-wrap elementor-element-populated\">\n\t\t\t\t\t\t<div class=\"elementor-element elementor-element-172ae4d elementor-widget elementor-widget-heading\" data-id=\"172ae4d\" data-element_type=\"widget\" data-e-type=\"widget\" data-widget_type=\"heading.default\">\n\t\t\t\t<div class=\"elementor-widget-container\">\n\t\t\t\t\t<h2 class=\"elementor-heading-title elementor-size-default\">All our topics<\/h2>\t\t\t\t<\/div>\n\t\t\t\t<\/div>\n\t\t\t\t<div class=\"elementor-element elementor-element-99992e0 liste-thematiques elementor-widget elementor-widget-sitemap\" data-id=\"99992e0\" data-element_type=\"widget\" data-e-type=\"widget\" data-widget_type=\"sitemap.default\">\n\t\t\t\t<div class=\"elementor-widget-container\">\n\t\t\t\t\t<div class=\"elementor-sitemap-wrap\"><div class=\"elementor-sitemap-section\"><h2 class=\"elementor-sitemap-title elementor-sitemap-thematiques_ressources-title\">Th\u00e9matiques<\/h2><ul class=\"elementor-sitemap-list elementor-sitemap-thematiques_ressources-list\">\t<li class=\"elementor-sitemap-item elementor-sitemap-item-thematiques_ressources cat-item cat-item-71\"><a href=\"https:\/\/inies-dev.armstrong.space\/en\/thematiques_ressources\/inies-database-governance-and-strategic-orientations\/\">INIES database: governance and strategic orientations<\/a>\n<\/li>\n\t<li class=\"elementor-sitemap-item elementor-sitemap-item-thematiques_ressources cat-item cat-item-69\"><a href=\"https:\/\/inies-dev.armstrong.space\/en\/thematiques_ressources\/programme-de-verification-inies-en\/\">INIES verification programme<\/a>\n<\/li>\n\t<li class=\"elementor-sitemap-item elementor-sitemap-item-thematiques_ressources cat-item cat-item-70\"><a href=\"https:\/\/inies-dev.armstrong.space\/en\/thematiques_ressources\/lien-a-linternational-en\/\">International<\/a>\n<\/li>\n\t<li class=\"elementor-sitemap-item elementor-sitemap-item-thematiques_ressources cat-item cat-item-74\"><a href=\"https:\/\/inies-dev.armstrong.space\/en\/thematiques_ressources\/pep-ecopassport-programme\/\">PEP ecopassport\u00ae programme<\/a>\n<\/li>\n\t<li class=\"elementor-sitemap-item elementor-sitemap-item-thematiques_ressources cat-item cat-item-75\"><a href=\"https:\/\/inies-dev.armstrong.space\/en\/thematiques_ressources\/publications\/\">Publications<\/a>\n<\/li>\n\t<li class=\"elementor-sitemap-item elementor-sitemap-item-thematiques_ressources cat-item cat-item-76\"><a href=\"https:\/\/inies-dev.armstrong.space\/en\/thematiques_ressources\/regulations-and-standards\/\">Regulations and standards<\/a>\n<\/li>\n\t<li class=\"elementor-sitemap-item elementor-sitemap-item-thematiques_ressources cat-item cat-item-73\"><a href=\"https:\/\/inies-dev.armstrong.space\/en\/thematiques_ressources\/submitting-environmental-and-health-declarations\/\">Submitting environmental and health declarations<\/a>\n<\/li>\n\t<li class=\"elementor-sitemap-item elementor-sitemap-item-thematiques_ressources cat-item cat-item-72\"><a href=\"https:\/\/inies-dev.armstrong.space\/en\/thematiques_ressources\/useful-data-for-the-building\/\">Useful data for the building<\/a>\n<\/li>\n\t<li class=\"elementor-sitemap-item elementor-sitemap-item-thematiques_ressources cat-item cat-item-77\"><a href=\"https:\/\/inies-dev.armstrong.space\/en\/thematiques_ressources\/webservice-en\/\">Webservice<\/a>\n<\/li>\n<\/ul><\/div><\/div>\t\t\t\t<\/div>\n\t\t\t\t<\/div>\n\t\t\t\t\t<\/div>\n\t\t<\/div>\n\t\t\t\t\t<\/div>\n\t\t<\/section>\n\t\t\t\t<section class=\"elementor-section elementor-top-section elementor-element elementor-element-659cd83 elementor-section-boxed elementor-section-height-default elementor-section-height-default\" data-id=\"659cd83\" data-element_type=\"section\" data-e-type=\"section\">\n\t\t\t\t\t\t<div class=\"elementor-container elementor-column-gap-default\">\n\t\t\t\t\t<div class=\"elementor-column elementor-col-100 elementor-top-column elementor-element elementor-element-ad6f8f3\" data-id=\"ad6f8f3\" data-element_type=\"column\" data-e-type=\"column\">\n\t\t\t<div class=\"elementor-widget-wrap elementor-element-populated\">\n\t\t\t\t\t\t<div class=\"elementor-element elementor-element-7f5758e elementor-widget elementor-widget-heading\" data-id=\"7f5758e\" data-element_type=\"widget\" data-e-type=\"widget\" data-widget_type=\"heading.default\">\n\t\t\t\t<div class=\"elementor-widget-container\">\n\t\t\t\t\t<h3 class=\"elementor-heading-title elementor-size-default\">Our cases<\/h3>\t\t\t\t<\/div>\n\t\t\t\t<\/div>\n\t\t\t\t<div class=\"elementor-element elementor-element-00fe8f8 elementor-align-center elementor-widget elementor-widget-button\" data-id=\"00fe8f8\" data-element_type=\"widget\" data-e-type=\"widget\" data-widget_type=\"button.default\">\n\t\t\t\t<div class=\"elementor-widget-container\">\n\t\t\t\t\t\t\t\t\t<div class=\"elementor-button-wrapper\">\n\t\t\t\t\t<a class=\"elementor-button elementor-button-link elementor-size-sm\" href=\"#\">\n\t\t\t\t\t\t<span class=\"elementor-button-content-wrapper\">\n\t\t\t\t\t\t\t\t\t<span class=\"elementor-button-text\">See more cases<\/span>\n\t\t\t\t\t<\/span>\n\t\t\t\t\t<\/a>\n\t\t\t\t<\/div>\n\t\t\t\t\t\t\t\t<\/div>\n\t\t\t\t<\/div>\n\t\t\t\t\t<\/div>\n\t\t<\/div>\n\t\t\t\t\t<\/div>\n\t\t<\/section>\n\t\t\t\t<section class=\"elementor-section elementor-top-section elementor-element elementor-element-808afc1 elementor-section-boxed elementor-section-height-default elementor-section-height-default\" data-id=\"808afc1\" data-element_type=\"section\" data-e-type=\"section\">\n\t\t\t\t\t\t<div class=\"elementor-container elementor-column-gap-default\">\n\t\t\t\t\t<div class=\"elementor-column elementor-col-100 elementor-top-column elementor-element elementor-element-d17ba4b\" data-id=\"d17ba4b\" data-element_type=\"column\" data-e-type=\"column\">\n\t\t\t<div class=\"elementor-widget-wrap elementor-element-populated\">\n\t\t\t\t\t\t<div class=\"elementor-element elementor-element-772aec4 elementor-widget elementor-widget-heading\" data-id=\"772aec4\" data-element_type=\"widget\" data-e-type=\"widget\" data-widget_type=\"heading.default\">\n\t\t\t\t<div class=\"elementor-widget-container\">\n\t\t\t\t\t<h3 class=\"elementor-heading-title elementor-size-default\">News<\/h3>\t\t\t\t<\/div>\n\t\t\t\t<\/div>\n\t\t\t\t<div class=\"elementor-element elementor-element-89738a3 elementor-grid-2 elementor-posts--thumbnail-left elementor-posts--align-left bloc-ressource elementor-grid-tablet-2 elementor-grid-mobile-1 elementor-widget elementor-widget-posts\" data-id=\"89738a3\" data-element_type=\"widget\" data-e-type=\"widget\" data-settings=\"{&quot;classic_columns&quot;:&quot;2&quot;,&quot;classic_row_gap&quot;:{&quot;unit&quot;:&quot;px&quot;,&quot;size&quot;:33,&quot;sizes&quot;:[]},&quot;classic_columns_tablet&quot;:&quot;2&quot;,&quot;classic_columns_mobile&quot;:&quot;1&quot;,&quot;classic_row_gap_tablet&quot;:{&quot;unit&quot;:&quot;px&quot;,&quot;size&quot;:&quot;&quot;,&quot;sizes&quot;:[]},&quot;classic_row_gap_mobile&quot;:{&quot;unit&quot;:&quot;px&quot;,&quot;size&quot;:&quot;&quot;,&quot;sizes&quot;:[]}}\" data-widget_type=\"posts.classic\">\n\t\t\t\t<div class=\"elementor-widget-container\">\n\t\t\t\t\t\t\t<div class=\"elementor-posts-container elementor-posts elementor-posts--skin-classic elementor-grid\" role=\"list\">\n\t\t\t\t<article class=\"elementor-post elementor-grid-item post-12776 ressource type-ressource status-publish has-post-thumbnail hentry thematiques_ressources-programme-de-verification-inies-en thematiques_ressources-lien-a-linternational-en\" role=\"listitem\">\n\t\t\t\t<a class=\"elementor-post__thumbnail__link\" href=\"https:\/\/inies-dev.armstrong.space\/en\/ressource\/additional-requirements-ibu-epd-to-fdes-inies\/\" tabindex=\"-1\" >\n\t\t\t<div class=\"elementor-post__thumbnail\"><img fetchpriority=\"high\" decoding=\"async\" width=\"391\" height=\"557\" src=\"https:\/\/inies-dev.armstrong.space\/wp-content\/uploads\/2021\/06\/Additional-requirements-IBU-EPD-to-FDES-INIES.png\" class=\"attachment-full size-full wp-image-1152\" alt=\"Additional requirements IBU EPD to FDES INIES\" srcset=\"https:\/\/inies-dev.armstrong.space\/wp-content\/uploads\/2021\/06\/Additional-requirements-IBU-EPD-to-FDES-INIES.png 391w, https:\/\/inies-dev.armstrong.space\/wp-content\/uploads\/2021\/06\/Additional-requirements-IBU-EPD-to-FDES-INIES-211x300.png 211w\" sizes=\"(max-width: 391px) 100vw, 391px\" \/><\/div>\n\t\t<\/a>\n\t\t\t\t<div class=\"elementor-post__text\">\n\t\t\t\t<h3 class=\"elementor-post__title\">\n\t\t\t<a href=\"https:\/\/inies-dev.armstrong.space\/en\/ressource\/additional-requirements-ibu-epd-to-fdes-inies\/\" >\n\t\t\t\tAdditional requirements  IBU EPD to FDES INIES\t\t\t<\/a>\n\t\t<\/h3>\n\t\t\n\t\t<a class=\"elementor-post__read-more\" href=\"https:\/\/inies-dev.armstrong.space\/en\/ressource\/additional-requirements-ibu-epd-to-fdes-inies\/\" aria-label=\"Read more about Additional requirements  IBU EPD to FDES INIES\" tabindex=\"-1\" >\n\t\t\tVoir le document\t\t<\/a>\n\n\t\t\t\t<\/div>\n\t\t\t\t<\/article>\n\t\t\t\t<\/div>\n\t\t\n\t\t\t\t\t\t<\/div>\n\t\t\t\t<\/div>\n\t\t\t\t\t<\/div>\n\t\t<\/div>\n\t\t\t\t\t<\/div>\n\t\t<\/section>\n\t\t\t\t<\/div>\n\t\t","protected":false},"excerpt":{"rendered":"<p>Find all useful documents: from information brochures to technical documents of the Base. Your search<\/p>\n","protected":false},"author":1,"featured_media":2996,"parent":0,"menu_order":0,"comment_status":"closed","ping_status":"closed","template":"","meta":{"_acf_changed":false,"footnotes":""},"class_list":["post-23682","page","type-page","status-publish","has-post-thumbnail","hentry"],"acf":[],"yoast_head":"<!-- This site is optimized with the Yoast SEO plugin v26.9 - https:\/\/yoast.com\/product\/yoast-seo-wordpress\/ -->\n<title>Documentary resources - Inies<\/title>\n<meta name=\"description\" content=\"Retrouvez tous les documents utiles : des brochures d\u2019information aux documents techniques de la Base INIES.\" \/>\n<meta name=\"robots\" content=\"noindex, follow, max-snippet:-1, max-image-preview:large, max-video-preview:-1\" \/>\n<meta property=\"og:locale\" content=\"en_US\" \/>\n<meta property=\"og:type\" content=\"article\" \/>\n<meta property=\"og:title\" content=\"Documentary resources - Inies\" \/>\n<meta property=\"og:description\" content=\"Retrouvez tous les documents utiles : des brochures d\u2019information aux documents techniques de la Base INIES.\" \/>\n<meta property=\"og:url\" content=\"https:\/\/inies-dev.armstrong.space\/en\/ressources-documentaires\/\" \/>\n<meta property=\"og:site_name\" content=\"Inies\" \/>\n<meta property=\"article:modified_time\" content=\"2023-02-28T11:31:33+00:00\" \/>\n<meta property=\"og:image\" content=\"https:\/\/www.inies.fr\/wp-content\/uploads\/2021\/09\/alfons-morales-YLSwjSy7stw-unsplash.jpg\" \/>\n\t<meta property=\"og:image:width\" content=\"2000\" \/>\n\t<meta property=\"og:image:height\" content=\"1172\" \/>\n\t<meta property=\"og:image:type\" content=\"image\/jpeg\" \/>\n<meta name=\"twitter:card\" content=\"summary_large_image\" \/>\n<meta name=\"twitter:title\" content=\"Documentary resources - Inies\" \/>\n<meta name=\"twitter:description\" content=\"Retrouvez tous les documents utiles : des brochures d\u2019information aux documents techniques de la Base INIES.\" \/>\n<meta name=\"twitter:image\" content=\"https:\/\/inies-dev.armstrong.space\/wp-content\/uploads\/2021\/09\/alfons-morales-YLSwjSy7stw-unsplash.jpg\" \/>\n<meta name=\"twitter:label1\" content=\"Est. reading time\" \/>\n\t<meta name=\"twitter:data1\" content=\"1 minute\" \/>\n<script type=\"application\/ld+json\" class=\"yoast-schema-graph\">{\"@context\":\"https:\/\/schema.org\",\"@graph\":[{\"@type\":\"WebPage\",\"@id\":\"https:\/\/inies-dev.armstrong.space\/en\/ressources-documentaires\/\",\"url\":\"https:\/\/inies-dev.armstrong.space\/en\/ressources-documentaires\/\",\"name\":\"Documentary resources - Inies\",\"isPartOf\":{\"@id\":\"https:\/\/www.inies.fr\/#website\"},\"primaryImageOfPage\":{\"@id\":\"https:\/\/inies-dev.armstrong.space\/en\/ressources-documentaires\/#primaryimage\"},\"image\":{\"@id\":\"https:\/\/inies-dev.armstrong.space\/en\/ressources-documentaires\/#primaryimage\"},\"thumbnailUrl\":\"https:\/\/inies-dev.armstrong.space\/wp-content\/uploads\/2021\/09\/alfons-morales-YLSwjSy7stw-unsplash.jpg\",\"datePublished\":\"2021-05-31T14:12:38+00:00\",\"dateModified\":\"2023-02-28T11:31:33+00:00\",\"description\":\"Retrouvez tous les documents utiles : des brochures d\u2019information aux documents techniques de la Base INIES.\",\"breadcrumb\":{\"@id\":\"https:\/\/inies-dev.armstrong.space\/en\/ressources-documentaires\/#breadcrumb\"},\"inLanguage\":\"en-US\",\"potentialAction\":[{\"@type\":\"ReadAction\",\"target\":[\"https:\/\/inies-dev.armstrong.space\/en\/ressources-documentaires\/\"]}]},{\"@type\":\"ImageObject\",\"inLanguage\":\"en-US\",\"@id\":\"https:\/\/inies-dev.armstrong.space\/en\/ressources-documentaires\/#primaryimage\",\"url\":\"https:\/\/inies-dev.armstrong.space\/wp-content\/uploads\/2021\/09\/alfons-morales-YLSwjSy7stw-unsplash.jpg\",\"contentUrl\":\"https:\/\/inies-dev.armstrong.space\/wp-content\/uploads\/2021\/09\/alfons-morales-YLSwjSy7stw-unsplash.jpg\",\"width\":2000,\"height\":1172,\"caption\":\"Ressources documentaires\"},{\"@type\":\"BreadcrumbList\",\"@id\":\"https:\/\/inies-dev.armstrong.space\/en\/ressources-documentaires\/#breadcrumb\",\"itemListElement\":[{\"@type\":\"ListItem\",\"position\":1,\"name\":\"Home\",\"item\":\"https:\/\/inies-dev.armstrong.space\/en\/\"},{\"@type\":\"ListItem\",\"position\":2,\"name\":\"Documentary resources\"}]},{\"@type\":\"WebSite\",\"@id\":\"https:\/\/www.inies.fr\/#website\",\"url\":\"https:\/\/www.inies.fr\/\",\"name\":\"Inies\",\"description\":\"les donn\u00e9es environnementales et sanitaires de r\u00e9f\u00e9rence pour le b\u00e2timent et la RE2020\",\"publisher\":{\"@id\":\"https:\/\/www.inies.fr\/#organization\"},\"potentialAction\":[{\"@type\":\"SearchAction\",\"target\":{\"@type\":\"EntryPoint\",\"urlTemplate\":\"https:\/\/www.inies.fr\/?s={search_term_string}\"},\"query-input\":{\"@type\":\"PropertyValueSpecification\",\"valueRequired\":true,\"valueName\":\"search_term_string\"}}],\"inLanguage\":\"en-US\"},{\"@type\":\"Organization\",\"@id\":\"https:\/\/www.inies.fr\/#organization\",\"name\":\"Inies\",\"url\":\"https:\/\/www.inies.fr\/\",\"logo\":{\"@type\":\"ImageObject\",\"inLanguage\":\"en-US\",\"@id\":\"https:\/\/www.inies.fr\/#\/schema\/logo\/image\/\",\"url\":\"https:\/\/inies-dev.armstrong.space\/wp-content\/uploads\/2021\/05\/inies-logo.png\",\"contentUrl\":\"https:\/\/inies-dev.armstrong.space\/wp-content\/uploads\/2021\/05\/inies-logo.png\",\"width\":159,\"height\":83,\"caption\":\"Inies\"},\"image\":{\"@id\":\"https:\/\/www.inies.fr\/#\/schema\/logo\/image\/\"}}]}<\/script>\n<!-- \/ Yoast SEO plugin. -->","yoast_head_json":{"title":"Documentary resources - Inies","description":"Retrouvez tous les documents utiles : des brochures d\u2019information aux documents techniques de la Base INIES.","robots":{"index":"noindex","follow":"follow","max-snippet":"max-snippet:-1","max-image-preview":"max-image-preview:large","max-video-preview":"max-video-preview:-1"},"og_locale":"en_US","og_type":"article","og_title":"Documentary resources - Inies","og_description":"Retrouvez tous les documents utiles : des brochures d\u2019information aux documents techniques de la Base INIES.","og_url":"https:\/\/inies-dev.armstrong.space\/en\/ressources-documentaires\/","og_site_name":"Inies","article_modified_time":"2023-02-28T11:31:33+00:00","og_image":[{"width":2000,"height":1172,"url":"https:\/\/www.inies.fr\/wp-content\/uploads\/2021\/09\/alfons-morales-YLSwjSy7stw-unsplash.jpg","type":"image\/jpeg"}],"twitter_card":"summary_large_image","twitter_title":"Documentary resources - Inies","twitter_description":"Retrouvez tous les documents utiles : des brochures d\u2019information aux documents techniques de la Base INIES.","twitter_image":"https:\/\/inies-dev.armstrong.space\/wp-content\/uploads\/2021\/09\/alfons-morales-YLSwjSy7stw-unsplash.jpg","twitter_misc":{"Est. reading time":"1 minute"},"schema":{"@context":"https:\/\/schema.org","@graph":[{"@type":"WebPage","@id":"https:\/\/inies-dev.armstrong.space\/en\/ressources-documentaires\/","url":"https:\/\/inies-dev.armstrong.space\/en\/ressources-documentaires\/","name":"Documentary resources - Inies","isPartOf":{"@id":"https:\/\/www.inies.fr\/#website"},"primaryImageOfPage":{"@id":"https:\/\/inies-dev.armstrong.space\/en\/ressources-documentaires\/#primaryimage"},"image":{"@id":"https:\/\/inies-dev.armstrong.space\/en\/ressources-documentaires\/#primaryimage"},"thumbnailUrl":"https:\/\/inies-dev.armstrong.space\/wp-content\/uploads\/2021\/09\/alfons-morales-YLSwjSy7stw-unsplash.jpg","datePublished":"2021-05-31T14:12:38+00:00","dateModified":"2023-02-28T11:31:33+00:00","description":"Retrouvez tous les documents utiles : des brochures d\u2019information aux documents techniques de la Base INIES.","breadcrumb":{"@id":"https:\/\/inies-dev.armstrong.space\/en\/ressources-documentaires\/#breadcrumb"},"inLanguage":"en-US","potentialAction":[{"@type":"ReadAction","target":["https:\/\/inies-dev.armstrong.space\/en\/ressources-documentaires\/"]}]},{"@type":"ImageObject","inLanguage":"en-US","@id":"https:\/\/inies-dev.armstrong.space\/en\/ressources-documentaires\/#primaryimage","url":"https:\/\/inies-dev.armstrong.space\/wp-content\/uploads\/2021\/09\/alfons-morales-YLSwjSy7stw-unsplash.jpg","contentUrl":"https:\/\/inies-dev.armstrong.space\/wp-content\/uploads\/2021\/09\/alfons-morales-YLSwjSy7stw-unsplash.jpg","width":2000,"height":1172,"caption":"Ressources documentaires"},{"@type":"BreadcrumbList","@id":"https:\/\/inies-dev.armstrong.space\/en\/ressources-documentaires\/#breadcrumb","itemListElement":[{"@type":"ListItem","position":1,"name":"Home","item":"https:\/\/inies-dev.armstrong.space\/en\/"},{"@type":"ListItem","position":2,"name":"Documentary resources"}]},{"@type":"WebSite","@id":"https:\/\/www.inies.fr\/#website","url":"https:\/\/www.inies.fr\/","name":"Inies","description":"les donn\u00e9es environnementales et sanitaires de r\u00e9f\u00e9rence pour le b\u00e2timent et la RE2020","publisher":{"@id":"https:\/\/www.inies.fr\/#organization"},"potentialAction":[{"@type":"SearchAction","target":{"@type":"EntryPoint","urlTemplate":"https:\/\/www.inies.fr\/?s={search_term_string}"},"query-input":{"@type":"PropertyValueSpecification","valueRequired":true,"valueName":"search_term_string"}}],"inLanguage":"en-US"},{"@type":"Organization","@id":"https:\/\/www.inies.fr\/#organization","name":"Inies","url":"https:\/\/www.inies.fr\/","logo":{"@type":"ImageObject","inLanguage":"en-US","@id":"https:\/\/www.inies.fr\/#\/schema\/logo\/image\/","url":"https:\/\/inies-dev.armstrong.space\/wp-content\/uploads\/2021\/05\/inies-logo.png","contentUrl":"https:\/\/inies-dev.armstrong.space\/wp-content\/uploads\/2021\/05\/inies-logo.png","width":159,"height":83,"caption":"Inies"},"image":{"@id":"https:\/\/www.inies.fr\/#\/schema\/logo\/image\/"}}]}},"_links":{"self":[{"href":"https:\/\/inies-dev.armstrong.space\/en\/wp-json\/wp\/v2\/pages\/23682","targetHints":{"allow":["GET"]}}],"collection":[{"href":"https:\/\/inies-dev.armstrong.space\/en\/wp-json\/wp\/v2\/pages"}],"about":[{"href":"https:\/\/inies-dev.armstrong.space\/en\/wp-json\/wp\/v2\/types\/page"}],"author":[{"embeddable":true,"href":"https:\/\/inies-dev.armstrong.space\/en\/wp-json\/wp\/v2\/users\/1"}],"replies":[{"embeddable":true,"href":"https:\/\/inies-dev.armstrong.space\/en\/wp-json\/wp\/v2\/comments?post=23682"}],"version-history":[{"count":7,"href":"https:\/\/inies-dev.armstrong.space\/en\/wp-json\/wp\/v2\/pages\/23682\/revisions"}],"predecessor-version":[{"id":23691,"href":"https:\/\/inies-dev.armstrong.space\/en\/wp-json\/wp\/v2\/pages\/23682\/revisions\/23691"}],"wp:featuredmedia":[{"embeddable":true,"href":"https:\/\/inies-dev.armstrong.space\/en\/wp-json\/wp\/v2\/media\/2996"}],"wp:attachment":[{"href":"https:\/\/inies-dev.armstrong.space\/en\/wp-json\/wp\/v2\/media?parent=23682"}],"curies":[{"name":"wp","href":"https:\/\/api.w.org\/{rel}","templated":true}]}}